{"id":673,"date":"2023-06-09T13:24:51","date_gmt":"2023-06-09T13:24:51","guid":{"rendered":"https:\/\/galwaycivictrust.ie\/?page_id=673"},"modified":"2025-08-03T01:42:02","modified_gmt":"2025-08-03T01:42:02","slug":"audioguides-fur-den-mittelalterlichen-rundgang","status":"publish","type":"page","link":"https:\/\/galwaycivictrust.ie\/index.php\/medieval-walking-tour-of-galway-city-audio-guides\/audioguides-fur-den-mittelalterlichen-rundgang\/","title":{"rendered":"Audioguides f\u00fcr den mittelalterlichen Rundgang"},"content":{"rendered":"<h5>Ein umfassender Rundgang durch das mittelalterliche Galway. Dies sind die Audioguides f\u00fcr 10 historische Sehensw\u00fcrdigkeiten in der Stadt Galway, Irland. Die Tour beginnt und endet am Eyre Square. Zu den Sehensw\u00fcrdigkeiten geh\u00f6ren Lynch\u2019s Castle, St. Nicholas Collegiate Church, The Kings Head, Kirwan\u2019s Lane, Blake\u2019s Castle, The Spanish Arch, Hall of the Red Earl und die mittelalterlichen Mauern von Galway. Dies ist eine sch\u00f6ne, selbstgef\u00fchrte Tour, die die wichtigsten mittelalterlichen arch\u00e4ologischen und historischen Sehensw\u00fcrdigkeiten von Galway City umfasst und lehrreiche Audioguides enth\u00e4lt, die Sie bequem und in aller Ruhe anh\u00f6ren k\u00f6nnen.<\/h5>\n<h5>Diese Audioguides werden vom Galway Civic Trust \/ D\u00fachas na Gaillimhe bereitgestellt, einer Wohlt\u00e4tigkeitsorganisation f\u00fcr Kulturerbe mit B\u00fcros in der Hall of the Red Earl in der Druid Lane. Der Galway Civic Trust bietet au\u00dferdem jeden Dienstag und Donnerstag kostenlose F\u00fchrungen f\u00fcr die \u00d6ffentlichkeit an, die um 14:00 Uhr in der Hall of the Red Earl beginnen. Es ist nicht n\u00f6tig, einen Platz zu reservieren. Kommen Sie einfach dienstags oder donnerstags um 14:00 Uhr vorbei und ein Reiseleiter wird Sie abholen und eine (ungef\u00e4hr) 90-min\u00fctige Tour durch die Stadt geben. Dies ist kostenlos, Spenden werden aber nat\u00fcrlich gerne angenommen.<\/h5>\n<p>Eyre Square-Standort 1<\/p>\n<p><iframe loading=\"lazy\" width=\"100%\" height=\"166\" scrolling=\"no\" frameborder=\"no\" allow=\"autoplay\" src=\"https:\/\/w.soundcloud.com\/player\/?url=https%3A\/\/api.soundcloud.com\/tracks\/1535078170&amp;color=%23ff5500&amp;auto_play=false&amp;hide_related=false&amp;show_comments=true&amp;show_user=true&amp;show_reposts=false&amp;show_teaser=true\"><\/iframe><\/p>\n<div style=\"font-size: 10px; color: #cccccc; line-break: anywhere; word-break: normal; overflow: hidden; white-space: nowrap; text-overflow: ellipsis; font-family: Interstate,Lucida Grande,Lucida Sans Unicode,Lucida Sans,Garuda,Verdana,Tahoma,sans-serif; font-weight: 100;\"><a href=\"https:\/\/soundcloud.com\/declan-oshea-558346272\" title=\"Declan O'Shea\" target=\"_blank\" style=\"color: #cccccc; text-decoration: none;\" rel=\"noopener\">Declan O&#8217;Shea<\/a> \u00b7 <a href=\"https:\/\/soundcloud.com\/declan-oshea-558346272\/german-eyre-square-location-1\" title=\"Eyre Square-Standort 1\" target=\"_blank\" style=\"color: #cccccc; text-decoration: none;\" rel=\"noopener\">Eyre Square-Standort 1<\/a><\/div>\n<p>Lynch&#8217;s Castle-Standort 2<\/p>\n<p><iframe loading=\"lazy\" width=\"100%\" height=\"166\" scrolling=\"no\" frameborder=\"no\" allow=\"autoplay\" src=\"https:\/\/w.soundcloud.com\/player\/?url=https%3A\/\/api.soundcloud.com\/tracks\/1535078161&amp;color=%23ff5500&amp;auto_play=false&amp;hide_related=false&amp;show_comments=true&amp;show_user=true&amp;show_reposts=false&amp;show_teaser=true\"><\/iframe><\/p>\n<div style=\"font-size: 10px; color: #cccccc; line-break: anywhere; word-break: normal; overflow: hidden; white-space: nowrap; text-overflow: ellipsis; font-family: Interstate,Lucida Grande,Lucida Sans Unicode,Lucida Sans,Garuda,Verdana,Tahoma,sans-serif; font-weight: 100;\"><a href=\"https:\/\/soundcloud.com\/declan-oshea-558346272\" title=\"Declan O'Shea\" target=\"_blank\" style=\"color: #cccccc; text-decoration: none;\" rel=\"noopener\">Declan O&#8217;Shea<\/a> \u00b7 <a href=\"https:\/\/soundcloud.com\/declan-oshea-558346272\/german-lynchs-castle-location\" title=\"Lynch's Castle-Standort 2\" target=\"_blank\" style=\"color: #cccccc; text-decoration: none;\" rel=\"noopener\">Lynch&#8217;s Castle-Standort 2<\/a><\/div>\n<p>St.-Nikolaus-Stiftskirche, Standort 3<\/p>\n<p><iframe loading=\"lazy\" width=\"100%\" height=\"166\" scrolling=\"no\" frameborder=\"no\" allow=\"autoplay\" src=\"https:\/\/w.soundcloud.com\/player\/?url=https%3A\/\/api.soundcloud.com\/tracks\/1535078140&amp;color=%23ff5500&amp;auto_play=false&amp;hide_related=false&amp;show_comments=true&amp;show_user=true&amp;show_reposts=false&amp;show_teaser=true\"><\/iframe><\/p>\n<div style=\"font-size: 10px; color: #cccccc; line-break: anywhere; word-break: normal; overflow: hidden; white-space: nowrap; text-overflow: ellipsis; font-family: Interstate,Lucida Grande,Lucida Sans Unicode,Lucida Sans,Garuda,Verdana,Tahoma,sans-serif; font-weight: 100;\"><a href=\"https:\/\/soundcloud.com\/declan-oshea-558346272\" title=\"Declan O'Shea\" target=\"_blank\" style=\"color: #cccccc; text-decoration: none;\" rel=\"noopener\">Declan O&#8217;Shea<\/a> \u00b7 <a href=\"https:\/\/soundcloud.com\/declan-oshea-558346272\/german-st-nicholas-location-3\" title=\"St.-Nikolaus-Stiftskirche, Standort 3\" target=\"_blank\" style=\"color: #cccccc; text-decoration: none;\" rel=\"noopener\">St.-Nikolaus-Stiftskirche, Standort 3<\/a><\/div>\n<p>Kings Head-Standort 4<\/p>\n<p><iframe loading=\"lazy\" width=\"100%\" height=\"166\" scrolling=\"no\" frameborder=\"no\" allow=\"autoplay\" src=\"https:\/\/w.soundcloud.com\/player\/?url=https%3A\/\/api.soundcloud.com\/tracks\/1535078113&amp;color=%23ff5500&amp;auto_play=false&amp;hide_related=false&amp;show_comments=true&amp;show_user=true&amp;show_reposts=false&amp;show_teaser=true\"><\/iframe><\/p>\n<div style=\"font-size: 10px; color: #cccccc; line-break: anywhere; word-break: normal; overflow: hidden; white-space: nowrap; text-overflow: ellipsis; font-family: Interstate,Lucida Grande,Lucida Sans Unicode,Lucida Sans,Garuda,Verdana,Tahoma,sans-serif; font-weight: 100;\"><a href=\"https:\/\/soundcloud.com\/declan-oshea-558346272\" title=\"Declan O'Shea\" target=\"_blank\" style=\"color: #cccccc; text-decoration: none;\" rel=\"noopener\">Declan O&#8217;Shea<\/a> \u00b7 <a href=\"https:\/\/soundcloud.com\/declan-oshea-558346272\/german-kings-head-location-4\" title=\"Kings Head-Standort 4\" target=\"_blank\" style=\"color: #cccccc; text-decoration: none;\" rel=\"noopener\">Kings Head-Standort 4<\/a><\/div>\n<p>Kirwans Lane Standort 5<\/p>\n<p><iframe loading=\"lazy\" width=\"100%\" height=\"166\" scrolling=\"no\" frameborder=\"no\" allow=\"autoplay\" src=\"https:\/\/w.soundcloud.com\/player\/?url=https%3A\/\/api.soundcloud.com\/tracks\/1535078101&amp;color=%23ff5500&amp;auto_play=false&amp;hide_related=false&amp;show_comments=true&amp;show_user=true&amp;show_reposts=false&amp;show_teaser=true\"><\/iframe><\/p>\n<div style=\"font-size: 10px; color: #cccccc; line-break: anywhere; word-break: normal; overflow: hidden; white-space: nowrap; text-overflow: ellipsis; font-family: Interstate,Lucida Grande,Lucida Sans Unicode,Lucida Sans,Garuda,Verdana,Tahoma,sans-serif; font-weight: 100;\"><a href=\"https:\/\/soundcloud.com\/declan-oshea-558346272\" title=\"Declan O'Shea\" target=\"_blank\" style=\"color: #cccccc; text-decoration: none;\" rel=\"noopener\">Declan O&#8217;Shea<\/a> \u00b7 <a href=\"https:\/\/soundcloud.com\/declan-oshea-558346272\/german-kirwans-lane-location-5\" title=\"Kirwans Lane Standort 5\" target=\"_blank\" style=\"color: #cccccc; text-decoration: none;\" rel=\"noopener\">Kirwans Lane Standort 5<\/a><\/div>\n<p>Blakes Castle Standort 6<\/p>\n<p><iframe loading=\"lazy\" width=\"100%\" height=\"166\" scrolling=\"no\" frameborder=\"no\" allow=\"autoplay\" src=\"https:\/\/w.soundcloud.com\/player\/?url=https%3A\/\/api.soundcloud.com\/tracks\/1535078080&amp;color=%23ff5500&amp;auto_play=false&amp;hide_related=false&amp;show_comments=true&amp;show_user=true&amp;show_reposts=false&amp;show_teaser=true\"><\/iframe><\/p>\n<div style=\"font-size: 10px; color: #cccccc; line-break: anywhere; word-break: normal; overflow: hidden; white-space: nowrap; text-overflow: ellipsis; font-family: Interstate,Lucida Grande,Lucida Sans Unicode,Lucida Sans,Garuda,Verdana,Tahoma,sans-serif; font-weight: 100;\"><a href=\"https:\/\/soundcloud.com\/declan-oshea-558346272\" title=\"Declan O'Shea\" target=\"_blank\" style=\"color: #cccccc; text-decoration: none;\" rel=\"noopener\">Declan O&#8217;Shea<\/a> \u00b7 <a href=\"https:\/\/soundcloud.com\/declan-oshea-558346272\/german-blakes-castle-location\" title=\"Blakes Castle Standort 6\" target=\"_blank\" style=\"color: #cccccc; text-decoration: none;\" rel=\"noopener\">Blakes Castle Standort 6<\/a><\/div>\n<p>Standort des Spanischen Bogens 7<\/p>\n<p><iframe loading=\"lazy\" width=\"100%\" height=\"166\" scrolling=\"no\" frameborder=\"no\" allow=\"autoplay\" src=\"https:\/\/w.soundcloud.com\/player\/?url=https%3A\/\/api.soundcloud.com\/tracks\/1535078065&amp;color=%23ff5500&amp;auto_play=false&amp;hide_related=false&amp;show_comments=true&amp;show_user=true&amp;show_reposts=false&amp;show_teaser=true\"><\/iframe><\/p>\n<div style=\"font-size: 10px; color: #cccccc; line-break: anywhere; word-break: normal; overflow: hidden; white-space: nowrap; text-overflow: ellipsis; font-family: Interstate,Lucida Grande,Lucida Sans Unicode,Lucida Sans,Garuda,Verdana,Tahoma,sans-serif; font-weight: 100;\"><a href=\"https:\/\/soundcloud.com\/declan-oshea-558346272\" title=\"Declan O'Shea\" target=\"_blank\" style=\"color: #cccccc; text-decoration: none;\" rel=\"noopener\">Declan O&#8217;Shea<\/a> \u00b7 <a href=\"https:\/\/soundcloud.com\/declan-oshea-558346272\/german-spanish-arch-location-7\" title=\"Standort des Spanischen Bogens 7\" target=\"_blank\" style=\"color: #cccccc; text-decoration: none;\" rel=\"noopener\">Standort des Spanischen Bogens 7<\/a><\/div>\n<p>Halle des Roten Grafen, Standort 8<\/p>\n<p><iframe loading=\"lazy\" width=\"100%\" height=\"166\" scrolling=\"no\" frameborder=\"no\" allow=\"autoplay\" src=\"https:\/\/w.soundcloud.com\/player\/?url=https%3A\/\/api.soundcloud.com\/tracks\/1535078053&amp;color=%23ff5500&amp;auto_play=false&amp;hide_related=false&amp;show_comments=true&amp;show_user=true&amp;show_reposts=false&amp;show_teaser=true\"><\/iframe><\/p>\n<div style=\"font-size: 10px; color: #cccccc; line-break: anywhere; word-break: normal; overflow: hidden; white-space: nowrap; text-overflow: ellipsis; font-family: Interstate,Lucida Grande,Lucida Sans Unicode,Lucida Sans,Garuda,Verdana,Tahoma,sans-serif; font-weight: 100;\"><a href=\"https:\/\/soundcloud.com\/declan-oshea-558346272\" title=\"Declan O'Shea\" target=\"_blank\" style=\"color: #cccccc; text-decoration: none;\" rel=\"noopener\">Declan O&#8217;Shea<\/a> \u00b7 <a href=\"https:\/\/soundcloud.com\/declan-oshea-558346272\/german-hall-of-the-red-earl\" title=\"Halle des Roten Grafen, Standort 8\" target=\"_blank\" style=\"color: #cccccc; text-decoration: none;\" rel=\"noopener\">Halle des Roten Grafen, Standort 8<\/a><\/div>\n<p>Standort der mittelalterlichen Mauern 9<\/p>\n<p><iframe loading=\"lazy\" width=\"100%\" height=\"166\" scrolling=\"no\" frameborder=\"no\" allow=\"autoplay\" src=\"https:\/\/w.soundcloud.com\/player\/?url=https%3A\/\/api.soundcloud.com\/tracks\/1535078032&amp;color=%23ff5500&amp;auto_play=false&amp;hide_related=false&amp;show_comments=true&amp;show_user=true&amp;show_reposts=false&amp;show_teaser=true\"><\/iframe><\/p>\n<div style=\"font-size: 10px; color: #cccccc; line-break: anywhere; word-break: normal; overflow: hidden; white-space: nowrap; text-overflow: ellipsis; font-family: Interstate,Lucida Grande,Lucida Sans Unicode,Lucida Sans,Garuda,Verdana,Tahoma,sans-serif; font-weight: 100;\"><a href=\"https:\/\/soundcloud.com\/declan-oshea-558346272\" title=\"Declan O'Shea\" target=\"_blank\" style=\"color: #cccccc; text-decoration: none;\" rel=\"noopener\">Declan O&#8217;Shea<\/a> \u00b7 <a href=\"https:\/\/soundcloud.com\/declan-oshea-558346272\/german-medieval-walls-location\" title=\"Standort der mittelalterlichen Mauern 9\" target=\"_blank\" style=\"color: #cccccc; text-decoration: none;\" rel=\"noopener\">Standort der mittelalterlichen Mauern 9<\/a><\/div>\n<p>German Eyre Square End location 10<\/p>\n<p><iframe loading=\"lazy\" width=\"100%\" height=\"166\" scrolling=\"no\" frameborder=\"no\" allow=\"autoplay\" src=\"https:\/\/w.soundcloud.com\/player\/?url=https%3A\/\/api.soundcloud.com\/tracks\/1535078008&amp;color=%23ff5500&amp;auto_play=false&amp;hide_related=false&amp;show_comments=true&amp;show_user=true&amp;show_reposts=false&amp;show_teaser=true\"><\/iframe><\/p>\n<div style=\"font-size: 10px; color: #cccccc; line-break: anywhere; word-break: normal; overflow: hidden; white-space: nowrap; text-overflow: ellipsis; font-family: Interstate,Lucida Grande,Lucida Sans Unicode,Lucida Sans,Garuda,Verdana,Tahoma,sans-serif; font-weight: 100;\"><a href=\"https:\/\/soundcloud.com\/declan-oshea-558346272\" title=\"Declan O'Shea\" target=\"_blank\" style=\"color: #cccccc; text-decoration: none;\" rel=\"noopener\">Declan O&#8217;Shea<\/a> \u00b7 <a href=\"https:\/\/soundcloud.com\/declan-oshea-558346272\/german-eyre-square-end\" title=\"German Eyre Square End location 10\" target=\"_blank\" style=\"color: #cccccc; text-decoration: none;\" rel=\"noopener\">German Eyre Square End location 10<\/a><\/div>\n<p>&nbsp;<\/p>\n<h3>Galway Civic Trust is a not-for-profit Charity.. Please consider a donation<\/h3>\n<p><script src=\"https:\/\/donorbox.org\/widget.js\" paypalExpress=\"true\"><\/script><iframe loading=\"lazy\" width=\"100%\" height=\"900px\" style=\"max-width: 500px; min-width: 310px; max-height: none!important;\" src=\"https:\/\/donorbox.org\/embed\/galway-civic-trust-duchas-na-gaillimhe?default_interval=o\" name=\"donorbox\" allowpaymentrequest=\"allowpaymentrequest\" seamless=\"seamless\" frameborder=\"0\" scrolling=\"no\"><\/iframe><\/p>\n","protected":false},"excerpt":{"rendered":"<p>Ein umfassender Rundgang durch das mittelalterliche Galway. Dies sind die Audioguides f\u00fcr 10 historische Sehensw\u00fcrdigkeiten in der Stadt Galway, Irland. Die Tour beginnt und endet am Eyre Square. Zu den Sehensw\u00fcrdigkeiten geh\u00f6ren Lynch\u2019s Castle, St. Nicholas Collegiate Church, The Kings Head, Kirwan\u2019s Lane, Blake\u2019s Castle, The Spanish Arch, Hall of [&hellip;]<\/p>\n","protected":false},"author":1,"featured_media":0,"parent":654,"menu_order":0,"comment_status":"closed","ping_status":"closed","template":"","meta":{"jetpack_post_was_ever_published":false,"footnotes":""},"class_list":["post-673","page","type-page","status-publish","hentry"],"yoast_head":"<!-- This site is optimized with the Yoast SEO plugin v25.6 - https:\/\/yoast.com\/wordpress\/plugins\/seo\/ -->\n<title>Audioguides f\u00fcr den mittelalterlichen Rundgang - Galway Civic Trust - D\u00fachas Na Gaillimhe<\/title>\n<meta name=\"robots\" content=\"index, follow, max-snippet:-1, max-image-preview:large, max-video-preview:-1\" \/>\n<link rel=\"canonical\" href=\"https:\/\/galwaycivictrust.ie\/index.php\/medieval-walking-tour-of-galway-city-audio-guides\/audioguides-fur-den-mittelalterlichen-rundgang\/\" \/>\n<meta property=\"og:locale\" content=\"en_GB\" \/>\n<meta property=\"og:type\" content=\"article\" \/>\n<meta property=\"og:title\" content=\"Audioguides f\u00fcr den mittelalterlichen Rundgang - Galway Civic Trust - D\u00fachas Na Gaillimhe\" \/>\n<meta property=\"og:description\" content=\"Ein umfassender Rundgang durch das mittelalterliche Galway. Dies sind die Audioguides f\u00fcr 10 historische Sehensw\u00fcrdigkeiten in der Stadt Galway, Irland. Die Tour beginnt und endet am Eyre Square. Zu den Sehensw\u00fcrdigkeiten geh\u00f6ren Lynch\u2019s Castle, St. Nicholas Collegiate Church, The Kings Head, Kirwan\u2019s Lane, Blake\u2019s Castle, The Spanish Arch, Hall of [&hellip;]\" \/>\n<meta property=\"og:url\" content=\"https:\/\/galwaycivictrust.ie\/index.php\/medieval-walking-tour-of-galway-city-audio-guides\/audioguides-fur-den-mittelalterlichen-rundgang\/\" \/>\n<meta property=\"og:site_name\" content=\"Galway Civic Trust - D\u00fachas Na Gaillimhe\" \/>\n<meta property=\"article:modified_time\" content=\"2025-08-03T01:42:02+00:00\" \/>\n<meta name=\"twitter:card\" content=\"summary_large_image\" \/>\n<meta name=\"twitter:label1\" content=\"Estimated reading time\" \/>\n\t<meta name=\"twitter:data1\" content=\"2 minutes\" \/>\n<script type=\"application\/ld+json\" class=\"yoast-schema-graph\">{\"@context\":\"https:\/\/schema.org\",\"@graph\":[{\"@type\":\"WebPage\",\"@id\":\"https:\/\/galwaycivictrust.ie\/index.php\/medieval-walking-tour-of-galway-city-audio-guides\/audioguides-fur-den-mittelalterlichen-rundgang\/\",\"url\":\"https:\/\/galwaycivictrust.ie\/index.php\/medieval-walking-tour-of-galway-city-audio-guides\/audioguides-fur-den-mittelalterlichen-rundgang\/\",\"name\":\"Audioguides f\u00fcr den mittelalterlichen Rundgang - Galway Civic Trust - D\u00fachas Na Gaillimhe\",\"isPartOf\":{\"@id\":\"https:\/\/galwaycivictrust.ie\/#website\"},\"datePublished\":\"2023-06-09T13:24:51+00:00\",\"dateModified\":\"2025-08-03T01:42:02+00:00\",\"breadcrumb\":{\"@id\":\"https:\/\/galwaycivictrust.ie\/index.php\/medieval-walking-tour-of-galway-city-audio-guides\/audioguides-fur-den-mittelalterlichen-rundgang\/#breadcrumb\"},\"inLanguage\":\"en-GB\",\"potentialAction\":[{\"@type\":\"ReadAction\",\"target\":[\"https:\/\/galwaycivictrust.ie\/index.php\/medieval-walking-tour-of-galway-city-audio-guides\/audioguides-fur-den-mittelalterlichen-rundgang\/\"]}]},{\"@type\":\"BreadcrumbList\",\"@id\":\"https:\/\/galwaycivictrust.ie\/index.php\/medieval-walking-tour-of-galway-city-audio-guides\/audioguides-fur-den-mittelalterlichen-rundgang\/#breadcrumb\",\"itemListElement\":[{\"@type\":\"ListItem\",\"position\":1,\"name\":\"Home\",\"item\":\"https:\/\/galwaycivictrust.ie\/\"},{\"@type\":\"ListItem\",\"position\":2,\"name\":\"Medieval Walking Tour Audio Guides\",\"item\":\"https:\/\/galwaycivictrust.ie\/index.php\/medieval-walking-tour-of-galway-city-audio-guides\/\"},{\"@type\":\"ListItem\",\"position\":3,\"name\":\"Audioguides f\u00fcr den mittelalterlichen Rundgang\"}]},{\"@type\":\"WebSite\",\"@id\":\"https:\/\/galwaycivictrust.ie\/#website\",\"url\":\"https:\/\/galwaycivictrust.ie\/\",\"name\":\"Galway Civic Trust - D\u00fachas Na Gaillimhe\",\"description\":\"Galway Civic Trust - D\u00fachas Na Gaillimhe\",\"publisher\":{\"@id\":\"https:\/\/galwaycivictrust.ie\/#organization\"},\"potentialAction\":[{\"@type\":\"SearchAction\",\"target\":{\"@type\":\"EntryPoint\",\"urlTemplate\":\"https:\/\/galwaycivictrust.ie\/?s={search_term_string}\"},\"query-input\":{\"@type\":\"PropertyValueSpecification\",\"valueRequired\":true,\"valueName\":\"search_term_string\"}}],\"inLanguage\":\"en-GB\"},{\"@type\":\"Organization\",\"@id\":\"https:\/\/galwaycivictrust.ie\/#organization\",\"name\":\"Galway Civic Trust - D\u00fachas Na Gaillimhe\",\"url\":\"https:\/\/galwaycivictrust.ie\/\",\"logo\":{\"@type\":\"ImageObject\",\"inLanguage\":\"en-GB\",\"@id\":\"https:\/\/galwaycivictrust.ie\/#\/schema\/logo\/image\/\",\"url\":\"https:\/\/i0.wp.com\/galwaycivictrust.ie\/wp-content\/uploads\/2021\/11\/index-1.jpg?fit=225%2C225&ssl=1\",\"contentUrl\":\"https:\/\/i0.wp.com\/galwaycivictrust.ie\/wp-content\/uploads\/2021\/11\/index-1.jpg?fit=225%2C225&ssl=1\",\"width\":225,\"height\":225,\"caption\":\"Galway Civic Trust    -    D\u00fachas Na Gaillimhe\"},\"image\":{\"@id\":\"https:\/\/galwaycivictrust.ie\/#\/schema\/logo\/image\/\"}}]}<\/script>\n<!-- \/ Yoast SEO plugin. -->","yoast_head_json":{"title":"Audioguides f\u00fcr den mittelalterlichen Rundgang - Galway Civic Trust - D\u00fachas Na Gaillimhe","robots":{"index":"index","follow":"follow","max-snippet":"max-snippet:-1","max-image-preview":"max-image-preview:large","max-video-preview":"max-video-preview:-1"},"canonical":"https:\/\/galwaycivictrust.ie\/index.php\/medieval-walking-tour-of-galway-city-audio-guides\/audioguides-fur-den-mittelalterlichen-rundgang\/","og_locale":"en_GB","og_type":"article","og_title":"Audioguides f\u00fcr den mittelalterlichen Rundgang - Galway Civic Trust - D\u00fachas Na Gaillimhe","og_description":"Ein umfassender Rundgang durch das mittelalterliche Galway. Dies sind die Audioguides f\u00fcr 10 historische Sehensw\u00fcrdigkeiten in der Stadt Galway, Irland. Die Tour beginnt und endet am Eyre Square. Zu den Sehensw\u00fcrdigkeiten geh\u00f6ren Lynch\u2019s Castle, St. Nicholas Collegiate Church, The Kings Head, Kirwan\u2019s Lane, Blake\u2019s Castle, The Spanish Arch, Hall of [&hellip;]","og_url":"https:\/\/galwaycivictrust.ie\/index.php\/medieval-walking-tour-of-galway-city-audio-guides\/audioguides-fur-den-mittelalterlichen-rundgang\/","og_site_name":"Galway Civic Trust - D\u00fachas Na Gaillimhe","article_modified_time":"2025-08-03T01:42:02+00:00","twitter_card":"summary_large_image","twitter_misc":{"Estimated reading time":"2 minutes"},"schema":{"@context":"https:\/\/schema.org","@graph":[{"@type":"WebPage","@id":"https:\/\/galwaycivictrust.ie\/index.php\/medieval-walking-tour-of-galway-city-audio-guides\/audioguides-fur-den-mittelalterlichen-rundgang\/","url":"https:\/\/galwaycivictrust.ie\/index.php\/medieval-walking-tour-of-galway-city-audio-guides\/audioguides-fur-den-mittelalterlichen-rundgang\/","name":"Audioguides f\u00fcr den mittelalterlichen Rundgang - Galway Civic Trust - D\u00fachas Na Gaillimhe","isPartOf":{"@id":"https:\/\/galwaycivictrust.ie\/#website"},"datePublished":"2023-06-09T13:24:51+00:00","dateModified":"2025-08-03T01:42:02+00:00","breadcrumb":{"@id":"https:\/\/galwaycivictrust.ie\/index.php\/medieval-walking-tour-of-galway-city-audio-guides\/audioguides-fur-den-mittelalterlichen-rundgang\/#breadcrumb"},"inLanguage":"en-GB","potentialAction":[{"@type":"ReadAction","target":["https:\/\/galwaycivictrust.ie\/index.php\/medieval-walking-tour-of-galway-city-audio-guides\/audioguides-fur-den-mittelalterlichen-rundgang\/"]}]},{"@type":"BreadcrumbList","@id":"https:\/\/galwaycivictrust.ie\/index.php\/medieval-walking-tour-of-galway-city-audio-guides\/audioguides-fur-den-mittelalterlichen-rundgang\/#breadcrumb","itemListElement":[{"@type":"ListItem","position":1,"name":"Home","item":"https:\/\/galwaycivictrust.ie\/"},{"@type":"ListItem","position":2,"name":"Medieval Walking Tour Audio Guides","item":"https:\/\/galwaycivictrust.ie\/index.php\/medieval-walking-tour-of-galway-city-audio-guides\/"},{"@type":"ListItem","position":3,"name":"Audioguides f\u00fcr den mittelalterlichen Rundgang"}]},{"@type":"WebSite","@id":"https:\/\/galwaycivictrust.ie\/#website","url":"https:\/\/galwaycivictrust.ie\/","name":"Galway Civic Trust - D\u00fachas Na Gaillimhe","description":"Galway Civic Trust - D\u00fachas Na Gaillimhe","publisher":{"@id":"https:\/\/galwaycivictrust.ie\/#organization"},"potentialAction":[{"@type":"SearchAction","target":{"@type":"EntryPoint","urlTemplate":"https:\/\/galwaycivictrust.ie\/?s={search_term_string}"},"query-input":{"@type":"PropertyValueSpecification","valueRequired":true,"valueName":"search_term_string"}}],"inLanguage":"en-GB"},{"@type":"Organization","@id":"https:\/\/galwaycivictrust.ie\/#organization","name":"Galway Civic Trust - D\u00fachas Na Gaillimhe","url":"https:\/\/galwaycivictrust.ie\/","logo":{"@type":"ImageObject","inLanguage":"en-GB","@id":"https:\/\/galwaycivictrust.ie\/#\/schema\/logo\/image\/","url":"https:\/\/i0.wp.com\/galwaycivictrust.ie\/wp-content\/uploads\/2021\/11\/index-1.jpg?fit=225%2C225&ssl=1","contentUrl":"https:\/\/i0.wp.com\/galwaycivictrust.ie\/wp-content\/uploads\/2021\/11\/index-1.jpg?fit=225%2C225&ssl=1","width":225,"height":225,"caption":"Galway Civic Trust    -    D\u00fachas Na Gaillimhe"},"image":{"@id":"https:\/\/galwaycivictrust.ie\/#\/schema\/logo\/image\/"}}]}},"jetpack_likes_enabled":true,"jetpack_sharing_enabled":true,"jetpack-related-posts":[],"jetpack_shortlink":"https:\/\/wp.me\/Pdwf9E-aR","_links":{"self":[{"href":"https:\/\/galwaycivictrust.ie\/index.php\/wp-json\/wp\/v2\/pages\/673","targetHints":{"allow":["GET"]}}],"collection":[{"href":"https:\/\/galwaycivictrust.ie\/index.php\/wp-json\/wp\/v2\/pages"}],"about":[{"href":"https:\/\/galwaycivictrust.ie\/index.php\/wp-json\/wp\/v2\/types\/page"}],"author":[{"embeddable":true,"href":"https:\/\/galwaycivictrust.ie\/index.php\/wp-json\/wp\/v2\/users\/1"}],"replies":[{"embeddable":true,"href":"https:\/\/galwaycivictrust.ie\/index.php\/wp-json\/wp\/v2\/comments?post=673"}],"version-history":[{"count":3,"href":"https:\/\/galwaycivictrust.ie\/index.php\/wp-json\/wp\/v2\/pages\/673\/revisions"}],"predecessor-version":[{"id":708,"href":"https:\/\/galwaycivictrust.ie\/index.php\/wp-json\/wp\/v2\/pages\/673\/revisions\/708"}],"up":[{"embeddable":true,"href":"https:\/\/galwaycivictrust.ie\/index.php\/wp-json\/wp\/v2\/pages\/654"}],"wp:attachment":[{"href":"https:\/\/galwaycivictrust.ie\/index.php\/wp-json\/wp\/v2\/media?parent=673"}],"curies":[{"name":"wp","href":"https:\/\/api.w.org\/{rel}","templated":true}]}}