{"id":606,"date":"2023-05-02T02:23:55","date_gmt":"2023-05-02T02:23:55","guid":{"rendered":"https:\/\/galwaycivictrust.ie\/?page_id=606"},"modified":"2025-08-25T20:38:06","modified_gmt":"2025-08-25T20:38:06","slug":"membership","status":"publish","type":"page","link":"https:\/\/galwaycivictrust.ie\/index.php\/membership\/","title":{"rendered":"Membership"},"content":{"rendered":"<h2 style=\"text-align: center;\"><\/h2>\n<p style=\"text-align: left;\"><strong><img data-recalc-dims=\"1\" loading=\"lazy\" decoding=\"async\" data-attachment-id=\"619\" data-permalink=\"https:\/\/galwaycivictrust.ie\/index.php\/membership\/2023-05-10_13-07\/\" data-orig-file=\"https:\/\/i0.wp.com\/galwaycivictrust.ie\/wp-content\/uploads\/2023\/05\/2023-05-10_13-07.png?fit=328%2C698&amp;ssl=1\" data-orig-size=\"328,698\" data-comments-opened=\"1\" data-image-meta=\"{&quot;aperture&quot;:&quot;0&quot;,&quot;credit&quot;:&quot;&quot;,&quot;camera&quot;:&quot;&quot;,&quot;caption&quot;:&quot;&quot;,&quot;created_timestamp&quot;:&quot;0&quot;,&quot;copyright&quot;:&quot;&quot;,&quot;focal_length&quot;:&quot;0&quot;,&quot;iso&quot;:&quot;0&quot;,&quot;shutter_speed&quot;:&quot;0&quot;,&quot;title&quot;:&quot;&quot;,&quot;orientation&quot;:&quot;0&quot;}\" data-image-title=\"2023-05-10_13-07\" data-image-description=\"\" data-image-caption=\"\" data-medium-file=\"https:\/\/i0.wp.com\/galwaycivictrust.ie\/wp-content\/uploads\/2023\/05\/2023-05-10_13-07.png?fit=141%2C300&amp;ssl=1\" data-large-file=\"https:\/\/i0.wp.com\/galwaycivictrust.ie\/wp-content\/uploads\/2023\/05\/2023-05-10_13-07.png?fit=328%2C698&amp;ssl=1\" src=\"https:\/\/i0.wp.com\/galwaycivictrust.ie\/wp-content\/uploads\/2023\/05\/2023-05-10_13-07.png?resize=328%2C698&#038;ssl=1\" alt=\"\" width=\"328\" height=\"698\" class=\"size-full wp-image-619 alignleft\" srcset=\"https:\/\/i0.wp.com\/galwaycivictrust.ie\/wp-content\/uploads\/2023\/05\/2023-05-10_13-07.png?w=328&amp;ssl=1 328w, https:\/\/i0.wp.com\/galwaycivictrust.ie\/wp-content\/uploads\/2023\/05\/2023-05-10_13-07.png?resize=141%2C300&amp;ssl=1 141w\" sizes=\"auto, (max-width: 328px) 100vw, 328px\" \/><\/strong><\/p>\n<h2 style=\"text-align: center;\"><span style=\"color: #ff6600;\">Who we are&#8230;<\/span><\/h2>\n<h2 style=\"text-align: center;\"><span style=\"color: #ff6600;\">C\u00e9 muid f\u00e9in?<\/span><\/h2>\n<p>&nbsp;<\/p>\n<p>&nbsp;<\/p>\n<p style=\"text-align: left;\"><strong>D\u00fachas na Gaillimhe &#8211; Galway Civic Trust is a hands-on heritage organisation with a mission to take practical steps to protect and enhance Galway&#8217;s natural, built and cultural heritage for the benefit of all.<\/strong><\/p>\n<p>&nbsp;<\/p>\n<p style=\"text-align: left;\"><strong><em>T\u00e1 D\u00fachas na Gaillimhe tiomanta d\u00e1r dteanga <\/em><em>dh\u00fachais\u00a0 a chosaint agus a chur chun cinn. <\/em><em>T\u00e1 s\u00e9 seo pr\u00e9amhaithe\u00a0 in\u00e1r mana a thagann <\/em><em>\u00f3n seanfhocal &#8220;As d\u00fachas d\u00f3chas&#8221;.<\/em><\/strong><\/p>\n<p>&nbsp;<\/p>\n<p style=\"text-align: left;\"><strong>By supporting us, you lend your voice to our voice, thereby together making a stronger case for culturally sensitive developments and protection of our heritage.<\/strong><\/p>\n<p>&nbsp;<\/p>\n<p style=\"text-align: left;\"><strong>Also we actively aim to support heritage, conservation, community groups and organisations through active support.<\/strong><\/p>\n<p>&nbsp;<\/p>\n<p>&nbsp;<\/p>\n<h3 style=\"text-align: center;\"><strong>N\u00ed neart go cur le ch\u00e9ile<\/strong><\/h3>\n<h3 style=\"text-align: center;\"><em>There is no strength without unity<\/em><\/h3>\n<p>&nbsp;<\/p>\n<p>&nbsp;<\/p>\n<p><img data-recalc-dims=\"1\" loading=\"lazy\" decoding=\"async\" data-attachment-id=\"615\" data-permalink=\"https:\/\/galwaycivictrust.ie\/index.php\/membership\/2023-05-10_13-08\/\" data-orig-file=\"https:\/\/i0.wp.com\/galwaycivictrust.ie\/wp-content\/uploads\/2023\/05\/2023-05-10_13-08.png?fit=328%2C197&amp;ssl=1\" data-orig-size=\"328,197\" data-comments-opened=\"1\" data-image-meta=\"{&quot;aperture&quot;:&quot;0&quot;,&quot;credit&quot;:&quot;&quot;,&quot;camera&quot;:&quot;&quot;,&quot;caption&quot;:&quot;&quot;,&quot;created_timestamp&quot;:&quot;0&quot;,&quot;copyright&quot;:&quot;&quot;,&quot;focal_length&quot;:&quot;0&quot;,&quot;iso&quot;:&quot;0&quot;,&quot;shutter_speed&quot;:&quot;0&quot;,&quot;title&quot;:&quot;&quot;,&quot;orientation&quot;:&quot;0&quot;}\" data-image-title=\"2023-05-10_13-08\" data-image-description=\"\" data-image-caption=\"\" data-medium-file=\"https:\/\/i0.wp.com\/galwaycivictrust.ie\/wp-content\/uploads\/2023\/05\/2023-05-10_13-08.png?fit=300%2C180&amp;ssl=1\" data-large-file=\"https:\/\/i0.wp.com\/galwaycivictrust.ie\/wp-content\/uploads\/2023\/05\/2023-05-10_13-08.png?fit=328%2C197&amp;ssl=1\" src=\"https:\/\/i0.wp.com\/galwaycivictrust.ie\/wp-content\/uploads\/2023\/05\/2023-05-10_13-08.png?resize=328%2C197&#038;ssl=1\" alt=\"\" width=\"328\" height=\"197\" class=\"aligncenter size-full wp-image-615\" srcset=\"https:\/\/i0.wp.com\/galwaycivictrust.ie\/wp-content\/uploads\/2023\/05\/2023-05-10_13-08.png?w=328&amp;ssl=1 328w, https:\/\/i0.wp.com\/galwaycivictrust.ie\/wp-content\/uploads\/2023\/05\/2023-05-10_13-08.png?resize=300%2C180&amp;ssl=1 300w\" sizes=\"auto, (max-width: 328px) 100vw, 328px\" \/><\/p>\n<h3 style=\"text-align: center;\"><span style=\"color: #ff6600;\">What the Trust does&#8230; C\u00e9ard a dh\u00e9anann muid?<\/span><\/h3>\n<p style=\"text-align: center;\"><strong>* Committed to protecting and enhancing Galway\u2019s natural, built and cultural heritage.<\/strong><\/p>\n<p style=\"text-align: center;\"><strong>* Presentation and maintenance of local heritage sites e.g. Fishery Watchtower, Hall of the Red Earl, Circle of Life Garden.<\/strong><\/p>\n<p style=\"text-align: center;\"><strong>* Guided walks, talks and publications.<\/strong><\/p>\n<p style=\"text-align: center;\"><strong>* Promote heritage within local primary and secondary schools and third level institutions.<\/strong><\/p>\n<p style=\"text-align: center;\"><strong>* Full program of local events as part of National Heritage Week.<\/strong><\/p>\n<p style=\"text-align: center;\"><strong>* Help contribute to making Galway more attractive to invest, work and live in.<\/strong><\/p>\n<p style=\"text-align: center;\"><strong>* Help promote Galway as a bi-lingual city.<\/strong><\/p>\n<p style=\"text-align: center;\"><strong>* Support the work of other Heritage organisations.<\/strong><\/p>\n<p style=\"text-align: center;\"><strong>* Committed to the practical preservation of traditional crafts and skills.<\/strong><\/p>\n<p>&nbsp;<\/p>\n<p><img data-recalc-dims=\"1\" loading=\"lazy\" decoding=\"async\" data-attachment-id=\"623\" data-permalink=\"https:\/\/galwaycivictrust.ie\/index.php\/membership\/2023-05-10_13-09\/\" data-orig-file=\"https:\/\/i0.wp.com\/galwaycivictrust.ie\/wp-content\/uploads\/2023\/05\/2023-05-10_13-09.png?fit=330%2C178&amp;ssl=1\" data-orig-size=\"330,178\" data-comments-opened=\"1\" data-image-meta=\"{&quot;aperture&quot;:&quot;0&quot;,&quot;credit&quot;:&quot;&quot;,&quot;camera&quot;:&quot;&quot;,&quot;caption&quot;:&quot;&quot;,&quot;created_timestamp&quot;:&quot;0&quot;,&quot;copyright&quot;:&quot;&quot;,&quot;focal_length&quot;:&quot;0&quot;,&quot;iso&quot;:&quot;0&quot;,&quot;shutter_speed&quot;:&quot;0&quot;,&quot;title&quot;:&quot;&quot;,&quot;orientation&quot;:&quot;0&quot;}\" data-image-title=\"2023-05-10_13-09\" data-image-description=\"\" data-image-caption=\"\" data-medium-file=\"https:\/\/i0.wp.com\/galwaycivictrust.ie\/wp-content\/uploads\/2023\/05\/2023-05-10_13-09.png?fit=300%2C162&amp;ssl=1\" data-large-file=\"https:\/\/i0.wp.com\/galwaycivictrust.ie\/wp-content\/uploads\/2023\/05\/2023-05-10_13-09.png?fit=330%2C178&amp;ssl=1\" src=\"https:\/\/i0.wp.com\/galwaycivictrust.ie\/wp-content\/uploads\/2023\/05\/2023-05-10_13-09.png?resize=330%2C178&#038;ssl=1\" alt=\"\" width=\"330\" height=\"178\" class=\"aligncenter size-full wp-image-623\" srcset=\"https:\/\/i0.wp.com\/galwaycivictrust.ie\/wp-content\/uploads\/2023\/05\/2023-05-10_13-09.png?w=330&amp;ssl=1 330w, https:\/\/i0.wp.com\/galwaycivictrust.ie\/wp-content\/uploads\/2023\/05\/2023-05-10_13-09.png?resize=300%2C162&amp;ssl=1 300w\" sizes=\"auto, (max-width: 330px) 100vw, 330px\" \/><\/p>\n<p>&nbsp;<\/p>\n<h4><span style=\"color: #ff6600;\">Membership of the Trust acknowledges that you are contributing to making Galway a more attractive place to live in and to visit.<\/span><\/h4>\n<h4><span style=\"color: #000080;\"><span style=\"color: #ff6600;\">Other benefits include &#8230;<\/span> <\/span><\/h4>\n<p style=\"text-align: center;\"><strong>* AGM voting rights.<\/strong><\/p>\n<p style=\"text-align: center;\"><strong>* Priority booking for Heritage Week and other events.<\/strong><\/p>\n<p style=\"text-align: center;\"><strong>* A copy of the Trust&#8217;s forthcoming publications.<\/strong><\/p>\n<p style=\"text-align: center;\"><strong>* Newsletters and advance notice of events.<\/strong><\/p>\n<p style=\"text-align: center;\"><strong>* A voice for your concerns about Galway\u2019s heritage.<\/strong><\/p>\n<p style=\"text-align: center;\"><strong>* Selected discounts (these are subject to change, see our website for up-to-date discounts).<\/strong><\/p>\n<p>&nbsp;<\/p>\n<p><img data-recalc-dims=\"1\" loading=\"lazy\" decoding=\"async\" data-attachment-id=\"624\" data-permalink=\"https:\/\/galwaycivictrust.ie\/index.php\/membership\/2023-05-10_13-09_1\/\" data-orig-file=\"https:\/\/i0.wp.com\/galwaycivictrust.ie\/wp-content\/uploads\/2023\/05\/2023-05-10_13-09_1.png?fit=327%2C173&amp;ssl=1\" data-orig-size=\"327,173\" data-comments-opened=\"1\" data-image-meta=\"{&quot;aperture&quot;:&quot;0&quot;,&quot;credit&quot;:&quot;&quot;,&quot;camera&quot;:&quot;&quot;,&quot;caption&quot;:&quot;&quot;,&quot;created_timestamp&quot;:&quot;0&quot;,&quot;copyright&quot;:&quot;&quot;,&quot;focal_length&quot;:&quot;0&quot;,&quot;iso&quot;:&quot;0&quot;,&quot;shutter_speed&quot;:&quot;0&quot;,&quot;title&quot;:&quot;&quot;,&quot;orientation&quot;:&quot;0&quot;}\" data-image-title=\"2023-05-10_13-09_1\" data-image-description=\"\" data-image-caption=\"\" data-medium-file=\"https:\/\/i0.wp.com\/galwaycivictrust.ie\/wp-content\/uploads\/2023\/05\/2023-05-10_13-09_1.png?fit=300%2C159&amp;ssl=1\" data-large-file=\"https:\/\/i0.wp.com\/galwaycivictrust.ie\/wp-content\/uploads\/2023\/05\/2023-05-10_13-09_1.png?fit=327%2C173&amp;ssl=1\" src=\"https:\/\/i0.wp.com\/galwaycivictrust.ie\/wp-content\/uploads\/2023\/05\/2023-05-10_13-09_1.png?resize=327%2C173&#038;ssl=1\" alt=\"\" width=\"327\" height=\"173\" class=\"aligncenter size-full wp-image-624\" srcset=\"https:\/\/i0.wp.com\/galwaycivictrust.ie\/wp-content\/uploads\/2023\/05\/2023-05-10_13-09_1.png?w=327&amp;ssl=1 327w, https:\/\/i0.wp.com\/galwaycivictrust.ie\/wp-content\/uploads\/2023\/05\/2023-05-10_13-09_1.png?resize=300%2C159&amp;ssl=1 300w\" sizes=\"auto, (max-width: 327px) 100vw, 327px\" \/><\/p>\n<h3 style=\"text-align: center;\"><span style=\"color: #ff6600;\">Become a member<\/span><br \/>\n<span style=\"color: #ff6600;\">Glac ballraiocht<\/span><\/h3>\n<p style=\"text-align: center;\"><span style=\"color: #ff0000;\">Please add your Name, Address, and Contact Details, and optionally leave us a comment.<br \/>\nYou can also email <a href=\"mailto:memberships@galwaycivictrust.ie\" style=\"color: #ff0000;\">memberships@galwaycivictrust.ie\u00a0<\/a><\/span><\/p>\n<p style=\"text-align: center;\"><script src=\"https:\/\/donorbox.org\/widget.js\" paypalExpress=\"true\"><\/script><iframe loading=\"lazy\" width=\"100%\" height=\"900px\" style=\"max-width: 500px; min-width: 250px; max-height: none!important;\" src=\"https:\/\/donorbox.org\/embed\/galway-civic-trust-duchas-na-gaillimhe-membership-1\" name=\"donorbox\" allowpaymentrequest=\"allowpaymentrequest\" seamless=\"seamless\" frameborder=\"0\" scrolling=\"no\"><\/iframe><\/p>\n<p>&nbsp;<\/p>\n<p>&nbsp;<\/p>\n","protected":false},"excerpt":{"rendered":"<p>Who we are&#8230; C\u00e9 muid f\u00e9in? &nbsp; &nbsp; D\u00fachas na Gaillimhe &#8211; Galway Civic Trust is a hands-on heritage organisation with a mission to take practical steps to protect and enhance Galway&#8217;s natural, built and cultural heritage for the benefit of all. &nbsp; T\u00e1 D\u00fachas na Gaillimhe tiomanta d\u00e1r dteanga [&hellip;]<\/p>\n","protected":false},"author":1,"featured_media":439,"parent":0,"menu_order":0,"comment_status":"closed","ping_status":"closed","template":"","meta":{"jetpack_post_was_ever_published":false,"footnotes":""},"class_list":["post-606","page","type-page","status-publish","has-post-thumbnail","hentry"],"yoast_head":"<!-- This site is optimized with the Yoast SEO plugin v25.6 - https:\/\/yoast.com\/wordpress\/plugins\/seo\/ -->\n<title>Membership - Galway Civic Trust - D\u00fachas Na Gaillimhe<\/title>\n<meta name=\"robots\" content=\"index, follow, max-snippet:-1, max-image-preview:large, max-video-preview:-1\" \/>\n<link rel=\"canonical\" href=\"https:\/\/galwaycivictrust.ie\/index.php\/membership\/\" \/>\n<meta property=\"og:locale\" content=\"en_GB\" \/>\n<meta property=\"og:type\" content=\"article\" \/>\n<meta property=\"og:title\" content=\"Membership - Galway Civic Trust - D\u00fachas Na Gaillimhe\" \/>\n<meta property=\"og:description\" content=\"Who we are&#8230; C\u00e9 muid f\u00e9in? &nbsp; &nbsp; D\u00fachas na Gaillimhe &#8211; Galway Civic Trust is a hands-on heritage organisation with a mission to take practical steps to protect and enhance Galway&#8217;s natural, built and cultural heritage for the benefit of all. &nbsp; T\u00e1 D\u00fachas na Gaillimhe tiomanta d\u00e1r dteanga [&hellip;]\" \/>\n<meta property=\"og:url\" content=\"https:\/\/galwaycivictrust.ie\/index.php\/membership\/\" \/>\n<meta property=\"og:site_name\" content=\"Galway Civic Trust - D\u00fachas Na Gaillimhe\" \/>\n<meta property=\"article:modified_time\" content=\"2025-08-25T20:38:06+00:00\" \/>\n<meta property=\"og:image\" content=\"https:\/\/galwaycivictrust.ie\/wp-content\/uploads\/2022\/08\/SkyLight47_RedEarl2.jpg\" \/>\n\t<meta property=\"og:image:width\" content=\"1599\" \/>\n\t<meta property=\"og:image:height\" content=\"899\" \/>\n\t<meta property=\"og:image:type\" content=\"image\/jpeg\" \/>\n<meta name=\"twitter:card\" content=\"summary_large_image\" \/>\n<meta name=\"twitter:label1\" content=\"Estimated reading time\" \/>\n\t<meta name=\"twitter:data1\" content=\"3 minutes\" \/>\n<script type=\"application\/ld+json\" class=\"yoast-schema-graph\">{\"@context\":\"https:\/\/schema.org\",\"@graph\":[{\"@type\":\"WebPage\",\"@id\":\"https:\/\/galwaycivictrust.ie\/index.php\/membership\/\",\"url\":\"https:\/\/galwaycivictrust.ie\/index.php\/membership\/\",\"name\":\"Membership - Galway Civic Trust - D\u00fachas Na Gaillimhe\",\"isPartOf\":{\"@id\":\"https:\/\/galwaycivictrust.ie\/#website\"},\"primaryImageOfPage\":{\"@id\":\"https:\/\/galwaycivictrust.ie\/index.php\/membership\/#primaryimage\"},\"image\":{\"@id\":\"https:\/\/galwaycivictrust.ie\/index.php\/membership\/#primaryimage\"},\"thumbnailUrl\":\"https:\/\/i0.wp.com\/galwaycivictrust.ie\/wp-content\/uploads\/2022\/08\/SkyLight47_RedEarl2.jpg?fit=1599%2C899&ssl=1\",\"datePublished\":\"2023-05-02T02:23:55+00:00\",\"dateModified\":\"2025-08-25T20:38:06+00:00\",\"breadcrumb\":{\"@id\":\"https:\/\/galwaycivictrust.ie\/index.php\/membership\/#breadcrumb\"},\"inLanguage\":\"en-GB\",\"potentialAction\":[{\"@type\":\"ReadAction\",\"target\":[\"https:\/\/galwaycivictrust.ie\/index.php\/membership\/\"]}]},{\"@type\":\"ImageObject\",\"inLanguage\":\"en-GB\",\"@id\":\"https:\/\/galwaycivictrust.ie\/index.php\/membership\/#primaryimage\",\"url\":\"https:\/\/i0.wp.com\/galwaycivictrust.ie\/wp-content\/uploads\/2022\/08\/SkyLight47_RedEarl2.jpg?fit=1599%2C899&ssl=1\",\"contentUrl\":\"https:\/\/i0.wp.com\/galwaycivictrust.ie\/wp-content\/uploads\/2022\/08\/SkyLight47_RedEarl2.jpg?fit=1599%2C899&ssl=1\",\"width\":1599,\"height\":899},{\"@type\":\"BreadcrumbList\",\"@id\":\"https:\/\/galwaycivictrust.ie\/index.php\/membership\/#breadcrumb\",\"itemListElement\":[{\"@type\":\"ListItem\",\"position\":1,\"name\":\"Home\",\"item\":\"https:\/\/galwaycivictrust.ie\/\"},{\"@type\":\"ListItem\",\"position\":2,\"name\":\"Membership\"}]},{\"@type\":\"WebSite\",\"@id\":\"https:\/\/galwaycivictrust.ie\/#website\",\"url\":\"https:\/\/galwaycivictrust.ie\/\",\"name\":\"Galway Civic Trust - D\u00fachas Na Gaillimhe\",\"description\":\"Galway Civic Trust - D\u00fachas Na Gaillimhe\",\"publisher\":{\"@id\":\"https:\/\/galwaycivictrust.ie\/#organization\"},\"potentialAction\":[{\"@type\":\"SearchAction\",\"target\":{\"@type\":\"EntryPoint\",\"urlTemplate\":\"https:\/\/galwaycivictrust.ie\/?s={search_term_string}\"},\"query-input\":{\"@type\":\"PropertyValueSpecification\",\"valueRequired\":true,\"valueName\":\"search_term_string\"}}],\"inLanguage\":\"en-GB\"},{\"@type\":\"Organization\",\"@id\":\"https:\/\/galwaycivictrust.ie\/#organization\",\"name\":\"Galway Civic Trust - D\u00fachas Na Gaillimhe\",\"url\":\"https:\/\/galwaycivictrust.ie\/\",\"logo\":{\"@type\":\"ImageObject\",\"inLanguage\":\"en-GB\",\"@id\":\"https:\/\/galwaycivictrust.ie\/#\/schema\/logo\/image\/\",\"url\":\"https:\/\/i0.wp.com\/galwaycivictrust.ie\/wp-content\/uploads\/2021\/11\/index-1.jpg?fit=225%2C225&ssl=1\",\"contentUrl\":\"https:\/\/i0.wp.com\/galwaycivictrust.ie\/wp-content\/uploads\/2021\/11\/index-1.jpg?fit=225%2C225&ssl=1\",\"width\":225,\"height\":225,\"caption\":\"Galway Civic Trust    -    D\u00fachas Na Gaillimhe\"},\"image\":{\"@id\":\"https:\/\/galwaycivictrust.ie\/#\/schema\/logo\/image\/\"}}]}<\/script>\n<!-- \/ Yoast SEO plugin. -->","yoast_head_json":{"title":"Membership - Galway Civic Trust - D\u00fachas Na Gaillimhe","robots":{"index":"index","follow":"follow","max-snippet":"max-snippet:-1","max-image-preview":"max-image-preview:large","max-video-preview":"max-video-preview:-1"},"canonical":"https:\/\/galwaycivictrust.ie\/index.php\/membership\/","og_locale":"en_GB","og_type":"article","og_title":"Membership - Galway Civic Trust - D\u00fachas Na Gaillimhe","og_description":"Who we are&#8230; C\u00e9 muid f\u00e9in? &nbsp; &nbsp; D\u00fachas na Gaillimhe &#8211; Galway Civic Trust is a hands-on heritage organisation with a mission to take practical steps to protect and enhance Galway&#8217;s natural, built and cultural heritage for the benefit of all. &nbsp; T\u00e1 D\u00fachas na Gaillimhe tiomanta d\u00e1r dteanga [&hellip;]","og_url":"https:\/\/galwaycivictrust.ie\/index.php\/membership\/","og_site_name":"Galway Civic Trust - D\u00fachas Na Gaillimhe","article_modified_time":"2025-08-25T20:38:06+00:00","og_image":[{"width":1599,"height":899,"url":"https:\/\/galwaycivictrust.ie\/wp-content\/uploads\/2022\/08\/SkyLight47_RedEarl2.jpg","type":"image\/jpeg"}],"twitter_card":"summary_large_image","twitter_misc":{"Estimated reading time":"3 minutes"},"schema":{"@context":"https:\/\/schema.org","@graph":[{"@type":"WebPage","@id":"https:\/\/galwaycivictrust.ie\/index.php\/membership\/","url":"https:\/\/galwaycivictrust.ie\/index.php\/membership\/","name":"Membership - Galway Civic Trust - D\u00fachas Na Gaillimhe","isPartOf":{"@id":"https:\/\/galwaycivictrust.ie\/#website"},"primaryImageOfPage":{"@id":"https:\/\/galwaycivictrust.ie\/index.php\/membership\/#primaryimage"},"image":{"@id":"https:\/\/galwaycivictrust.ie\/index.php\/membership\/#primaryimage"},"thumbnailUrl":"https:\/\/i0.wp.com\/galwaycivictrust.ie\/wp-content\/uploads\/2022\/08\/SkyLight47_RedEarl2.jpg?fit=1599%2C899&ssl=1","datePublished":"2023-05-02T02:23:55+00:00","dateModified":"2025-08-25T20:38:06+00:00","breadcrumb":{"@id":"https:\/\/galwaycivictrust.ie\/index.php\/membership\/#breadcrumb"},"inLanguage":"en-GB","potentialAction":[{"@type":"ReadAction","target":["https:\/\/galwaycivictrust.ie\/index.php\/membership\/"]}]},{"@type":"ImageObject","inLanguage":"en-GB","@id":"https:\/\/galwaycivictrust.ie\/index.php\/membership\/#primaryimage","url":"https:\/\/i0.wp.com\/galwaycivictrust.ie\/wp-content\/uploads\/2022\/08\/SkyLight47_RedEarl2.jpg?fit=1599%2C899&ssl=1","contentUrl":"https:\/\/i0.wp.com\/galwaycivictrust.ie\/wp-content\/uploads\/2022\/08\/SkyLight47_RedEarl2.jpg?fit=1599%2C899&ssl=1","width":1599,"height":899},{"@type":"BreadcrumbList","@id":"https:\/\/galwaycivictrust.ie\/index.php\/membership\/#breadcrumb","itemListElement":[{"@type":"ListItem","position":1,"name":"Home","item":"https:\/\/galwaycivictrust.ie\/"},{"@type":"ListItem","position":2,"name":"Membership"}]},{"@type":"WebSite","@id":"https:\/\/galwaycivictrust.ie\/#website","url":"https:\/\/galwaycivictrust.ie\/","name":"Galway Civic Trust - D\u00fachas Na Gaillimhe","description":"Galway Civic Trust - D\u00fachas Na Gaillimhe","publisher":{"@id":"https:\/\/galwaycivictrust.ie\/#organization"},"potentialAction":[{"@type":"SearchAction","target":{"@type":"EntryPoint","urlTemplate":"https:\/\/galwaycivictrust.ie\/?s={search_term_string}"},"query-input":{"@type":"PropertyValueSpecification","valueRequired":true,"valueName":"search_term_string"}}],"inLanguage":"en-GB"},{"@type":"Organization","@id":"https:\/\/galwaycivictrust.ie\/#organization","name":"Galway Civic Trust - D\u00fachas Na Gaillimhe","url":"https:\/\/galwaycivictrust.ie\/","logo":{"@type":"ImageObject","inLanguage":"en-GB","@id":"https:\/\/galwaycivictrust.ie\/#\/schema\/logo\/image\/","url":"https:\/\/i0.wp.com\/galwaycivictrust.ie\/wp-content\/uploads\/2021\/11\/index-1.jpg?fit=225%2C225&ssl=1","contentUrl":"https:\/\/i0.wp.com\/galwaycivictrust.ie\/wp-content\/uploads\/2021\/11\/index-1.jpg?fit=225%2C225&ssl=1","width":225,"height":225,"caption":"Galway Civic Trust    -    D\u00fachas Na Gaillimhe"},"image":{"@id":"https:\/\/galwaycivictrust.ie\/#\/schema\/logo\/image\/"}}]}},"jetpack_likes_enabled":true,"jetpack_sharing_enabled":true,"jetpack-related-posts":[],"jetpack_shortlink":"https:\/\/wp.me\/Pdwf9E-9M","_links":{"self":[{"href":"https:\/\/galwaycivictrust.ie\/index.php\/wp-json\/wp\/v2\/pages\/606","targetHints":{"allow":["GET"]}}],"collection":[{"href":"https:\/\/galwaycivictrust.ie\/index.php\/wp-json\/wp\/v2\/pages"}],"about":[{"href":"https:\/\/galwaycivictrust.ie\/index.php\/wp-json\/wp\/v2\/types\/page"}],"author":[{"embeddable":true,"href":"https:\/\/galwaycivictrust.ie\/index.php\/wp-json\/wp\/v2\/users\/1"}],"replies":[{"embeddable":true,"href":"https:\/\/galwaycivictrust.ie\/index.php\/wp-json\/wp\/v2\/comments?post=606"}],"version-history":[{"count":28,"href":"https:\/\/galwaycivictrust.ie\/index.php\/wp-json\/wp\/v2\/pages\/606\/revisions"}],"predecessor-version":[{"id":1819,"href":"https:\/\/galwaycivictrust.ie\/index.php\/wp-json\/wp\/v2\/pages\/606\/revisions\/1819"}],"wp:featuredmedia":[{"embeddable":true,"href":"https:\/\/galwaycivictrust.ie\/index.php\/wp-json\/wp\/v2\/media\/439"}],"wp:attachment":[{"href":"https:\/\/galwaycivictrust.ie\/index.php\/wp-json\/wp\/v2\/media?parent=606"}],"curies":[{"name":"wp","href":"https:\/\/api.w.org\/{rel}","templated":true}]}}