{"id":188,"date":"2021-12-10T10:39:47","date_gmt":"2021-12-10T10:39:47","guid":{"rendered":"https:\/\/galwaycivictrust.ie\/?page_id=188"},"modified":"2024-02-19T01:55:55","modified_gmt":"2024-02-19T01:55:55","slug":"education","status":"publish","type":"page","link":"https:\/\/galwaycivictrust.ie\/index.php\/education\/","title":{"rendered":"Education"},"content":{"rendered":"<h2>Primary<\/h2>\n<p>&nbsp;<\/p>\n<p><strong>Education Packs for Schools<\/strong><\/p>\n<p><img data-recalc-dims=\"1\" loading=\"lazy\" decoding=\"async\" data-attachment-id=\"201\" data-permalink=\"https:\/\/galwaycivictrust.ie\/index.php\/education\/civic\/\" data-orig-file=\"https:\/\/i0.wp.com\/galwaycivictrust.ie\/wp-content\/uploads\/2021\/12\/Galway-civic-trust-education-pack.jpg?fit=120%2C170&amp;ssl=1\" data-orig-size=\"120,170\" data-comments-opened=\"0\" data-image-meta=\"{&quot;aperture&quot;:&quot;0&quot;,&quot;credit&quot;:&quot;Ray McDonnell&quot;,&quot;camera&quot;:&quot;&quot;,&quot;caption&quot;:&quot;&quot;,&quot;created_timestamp&quot;:&quot;0&quot;,&quot;copyright&quot;:&quot;&quot;,&quot;focal_length&quot;:&quot;0&quot;,&quot;iso&quot;:&quot;0&quot;,&quot;shutter_speed&quot;:&quot;0&quot;,&quot;title&quot;:&quot;CIVIC&quot;,&quot;orientation&quot;:&quot;1&quot;}\" data-image-title=\"CIVIC\" data-image-description=\"\" data-image-caption=\"\" data-medium-file=\"https:\/\/i0.wp.com\/galwaycivictrust.ie\/wp-content\/uploads\/2021\/12\/Galway-civic-trust-education-pack.jpg?fit=120%2C170&amp;ssl=1\" data-large-file=\"https:\/\/i0.wp.com\/galwaycivictrust.ie\/wp-content\/uploads\/2021\/12\/Galway-civic-trust-education-pack.jpg?fit=120%2C170&amp;ssl=1\" class=\"alignleft size-full wp-image-201\" src=\"https:\/\/i0.wp.com\/galwaycivictrust.ie\/wp-content\/uploads\/2021\/12\/Galway-civic-trust-education-pack.jpg?resize=120%2C170&#038;ssl=1\" alt=\"\" width=\"120\" height=\"170\" \/>In 2003 Galway Civic Trust was granted \u20ac2,500 by the Heritage Council towards the cost of producing an education pack for schools. Entitled Galway &#8211; It&#8217;s My City \/ Gaillimh &#8211; &#8216;S\u00e9 Mo Chathair, the pack was written and published by Galway Civic Trust for distribution to all of the Primary Schools in the city, and was launched by the then Minister for Community, Rural and Gaeltacht Affairs, \u00c9amon \u00d3 Cuiv. The pack was the first such educational resource produced in Ireland for use alongside the existing Primary School curriculum. The material contained in the Pack is specifically related to Galway city, with a comprehensive section on &#8220;Galway &#8211; It&#8217;s History and Heritage&#8221;.<\/p>\n<p>Galway &#8211; It&#8217;s My City \/ Gaillimh &#8211; &#8216;S\u00e9 Mo Chathair is designed for use by 5th and 6th class primary students, and it aims to create a knowledge of what makes Galway special, thereby encouraging our youth to take pride in their City, and become the kind of citizens who take care of it.<\/p>\n<p>Its my city Galway &#8211; It&#8217;s My City \/ Gaillimh &#8211; &#8216;S\u00e9 Mo Chathair, was produced by former Galway Civic Trust manager, Jackie U\u00ed Chionna. This engaging education pack aims to create a knowledge of what makes Galway special, thereby encouraging our youth to take pride in their city, and become the kind of citizens who take care of it. The pack provides a comprehensive history of Galway city and promotes awareness of local community and environmental issues by encouraging classes to undertake various practical activities. The pack is designed primarily for use by 5th and 6th class primary students but can also be used by teachers and students of all ages interested in the vibrant history of Galway city.<\/p>\n<h2><\/h2>\n<p>&nbsp;<\/p>\n<p>&nbsp;<\/p>\n<h2>Secondary<\/h2>\n<p>&nbsp;<\/p>\n<h3><strong>Transition Year Competition<\/strong><\/h3>\n<p><img data-recalc-dims=\"1\" loading=\"lazy\" decoding=\"async\" data-attachment-id=\"197\" data-permalink=\"https:\/\/galwaycivictrust.ie\/index.php\/education\/transition-year-award-2015-banner\/\" data-orig-file=\"https:\/\/i0.wp.com\/galwaycivictrust.ie\/wp-content\/uploads\/2021\/12\/Transition-year-award-2015-Banner.jpg?fit=851%2C315&amp;ssl=1\" data-orig-size=\"851,315\" data-comments-opened=\"0\" data-image-meta=\"{&quot;aperture&quot;:&quot;0&quot;,&quot;credit&quot;:&quot;&quot;,&quot;camera&quot;:&quot;&quot;,&quot;caption&quot;:&quot;&quot;,&quot;created_timestamp&quot;:&quot;0&quot;,&quot;copyright&quot;:&quot;&quot;,&quot;focal_length&quot;:&quot;0&quot;,&quot;iso&quot;:&quot;0&quot;,&quot;shutter_speed&quot;:&quot;0&quot;,&quot;title&quot;:&quot;&quot;,&quot;orientation&quot;:&quot;1&quot;}\" data-image-title=\"Transition-year-award-2015-Banner\" data-image-description=\"\" data-image-caption=\"\" data-medium-file=\"https:\/\/i0.wp.com\/galwaycivictrust.ie\/wp-content\/uploads\/2021\/12\/Transition-year-award-2015-Banner.jpg?fit=300%2C111&amp;ssl=1\" data-large-file=\"https:\/\/i0.wp.com\/galwaycivictrust.ie\/wp-content\/uploads\/2021\/12\/Transition-year-award-2015-Banner.jpg?fit=750%2C278&amp;ssl=1\" class=\"aligncenter size-full wp-image-197\" src=\"https:\/\/i0.wp.com\/galwaycivictrust.ie\/wp-content\/uploads\/2021\/12\/Transition-year-award-2015-Banner.jpg?resize=750%2C278&#038;ssl=1\" alt=\"\" width=\"750\" height=\"278\" srcset=\"https:\/\/i0.wp.com\/galwaycivictrust.ie\/wp-content\/uploads\/2021\/12\/Transition-year-award-2015-Banner.jpg?w=851&amp;ssl=1 851w, https:\/\/i0.wp.com\/galwaycivictrust.ie\/wp-content\/uploads\/2021\/12\/Transition-year-award-2015-Banner.jpg?resize=300%2C111&amp;ssl=1 300w, https:\/\/i0.wp.com\/galwaycivictrust.ie\/wp-content\/uploads\/2021\/12\/Transition-year-award-2015-Banner.jpg?resize=768%2C284&amp;ssl=1 768w\" sizes=\"auto, (max-width: 750px) 100vw, 750px\" \/><\/p>\n<p>&nbsp;<\/p>\n<p>The Trust has run an annual competition for Transition Year students in Galway entitled <strong>Capturing Galway&#8217;s Heritage<\/strong>. The competition encouraged young people to engage with a facet of Galway&#8217;s rich and varied heritage and to present it in an appropriate project format.<\/p>\n<blockquote><p>Previous winners and projects include:<\/p>\n<p>2015: Seamount College, Kinvara &#8211; Loughnane Quinn Memorial Hall and the Black and Tans in Ardrahan.<\/p>\n<p>2014: Presentation College Tuam &#8211; The Tuam Mother and Baby Convent.<\/p>\n<p>2013: Col\u00e1iste an Eachr\u00e9idh, \u00c1tha an R\u00cd &#8211; Stair \u00c1iti\u00fail agus Oidhreacht \u00c1tha an R\u00cd.<\/p><\/blockquote>\n<h2><\/h2>\n<p>&nbsp;<\/p>\n<p>&nbsp;<\/p>\n<p>&nbsp;<\/p>\n<div class=\"articleBody\">\n<h2>Third Level<\/h2>\n<p>&nbsp;<\/p>\n<p><strong>GMIT Heritage Studies\u00a0Student of the Year Award<\/strong><\/p>\n<p>Student of the Year Award: Galway Civic Trust was proud to sponsor the annual B.A (Honours) Heritage Studies Student of the Year Award at Galway Mayo Institute of Technology. This award is a scaled replica of the beautiful perpetual sculpture \u2018Tribes\u2019 which is held in GMIT. This piece entitled was commissioned by the Trust from sculptor Ronan Halpin.<\/p>\n<p><strong>Dissertation Sponsorship<\/strong><\/p>\n<p>The Trust has sponsored the dissertation research of a GMIT Heritage Studies student in previous academic years. The Trust\u00a0 provided these students with practical support and advice in relation to their chosen topic. These bodies of work have formed the basis of other Trust projects and have given students the opportunity of having a practical application applied to their research.<\/p>\n<\/div>\n<h2><\/h2>\n<p>&nbsp;<\/p>\n<p>&nbsp;<\/p>\n<h2><strong>Hidden Treasure Heritage Trail<\/strong><\/h2>\n<p>&nbsp;<\/p>\n<p><img data-recalc-dims=\"1\" loading=\"lazy\" decoding=\"async\" data-attachment-id=\"195\" data-permalink=\"https:\/\/galwaycivictrust.ie\/index.php\/education\/hidden-treasures-heritage-trail-leaflet2\/\" data-orig-file=\"https:\/\/i0.wp.com\/galwaycivictrust.ie\/wp-content\/uploads\/2021\/12\/hidden-treasures-heritage-trail-leaflet2.jpg?fit=270%2C383&amp;ssl=1\" data-orig-size=\"270,383\" data-comments-opened=\"0\" data-image-meta=\"{&quot;aperture&quot;:&quot;0&quot;,&quot;credit&quot;:&quot;&quot;,&quot;camera&quot;:&quot;&quot;,&quot;caption&quot;:&quot;&quot;,&quot;created_timestamp&quot;:&quot;0&quot;,&quot;copyright&quot;:&quot;&quot;,&quot;focal_length&quot;:&quot;0&quot;,&quot;iso&quot;:&quot;0&quot;,&quot;shutter_speed&quot;:&quot;0&quot;,&quot;title&quot;:&quot;&quot;,&quot;orientation&quot;:&quot;0&quot;}\" data-image-title=\"hidden-treasures-heritage-trail-leaflet2\" data-image-description=\"\" data-image-caption=\"\" data-medium-file=\"https:\/\/i0.wp.com\/galwaycivictrust.ie\/wp-content\/uploads\/2021\/12\/hidden-treasures-heritage-trail-leaflet2.jpg?fit=211%2C300&amp;ssl=1\" data-large-file=\"https:\/\/i0.wp.com\/galwaycivictrust.ie\/wp-content\/uploads\/2021\/12\/hidden-treasures-heritage-trail-leaflet2.jpg?fit=270%2C383&amp;ssl=1\" class=\"alignright wp-image-195 size-medium\" src=\"https:\/\/i0.wp.com\/galwaycivictrust.ie\/wp-content\/uploads\/2021\/12\/hidden-treasures-heritage-trail-leaflet2.jpg?resize=211%2C300&#038;ssl=1\" alt=\"\" width=\"211\" height=\"300\" srcset=\"https:\/\/i0.wp.com\/galwaycivictrust.ie\/wp-content\/uploads\/2021\/12\/hidden-treasures-heritage-trail-leaflet2.jpg?resize=211%2C300&amp;ssl=1 211w, https:\/\/i0.wp.com\/galwaycivictrust.ie\/wp-content\/uploads\/2021\/12\/hidden-treasures-heritage-trail-leaflet2.jpg?w=270&amp;ssl=1 270w\" sizes=\"auto, (max-width: 211px) 100vw, 211px\" \/>The <strong>Hidden Treasure Heritage Trail<\/strong> of Galway city is a fun educational event ideal for schools, scouts, youth groups and families. Along the trail you will find ten plaques Galway Civic Trust has erected to commemorate buildings, people and events which have helped to shape the unique heritage of Galway. Each of the ten plaques holds the answer to a question along the trail, using the map to assist you, follow the trail, read the plaques closely and answer the questions before returning your questionnaire. All forms will be entered into a draw at the end of the year to win a prize sponsored by Galway Civic Trust. The questionnaire can be\u00a0<a title=\"heritage trail leaflet\" href=\"https:\/\/galwaycivictrust.ie\/wp-content\/uploads\/2021\/12\/heritage-trail-leaflet.pdf\" target=\"_blank\" rel=\"alternate noopener\"><strong>downloaded here<\/strong><\/a> or picked up from the Trust&#8217;s office.<\/p>\n<p>&nbsp;<\/p>\n<p>&nbsp;<\/p>\n<p>&nbsp;<\/p>\n<p style=\"text-align: center;\"><span style=\"color: #3366ff;\">D\u00fachas na Gaillimhe &#8211; Galway Civic Trust<\/span><br \/>\n<span style=\"color: #3366ff;\">Committed to protecting and enhancing Galway&#8217;s natural, built and cultural heritage<\/span><\/p>\n","protected":false},"excerpt":{"rendered":"<p>Primary &nbsp; Education Packs for Schools In 2003 Galway Civic Trust was granted \u20ac2,500 by the Heritage Council towards the cost of producing an education pack for schools. Entitled Galway &#8211; It&#8217;s My City \/ Gaillimh &#8211; &#8216;S\u00e9 Mo Chathair, the pack was written and published by Galway Civic Trust [&hellip;]<\/p>\n","protected":false},"author":1,"featured_media":0,"parent":0,"menu_order":0,"comment_status":"closed","ping_status":"closed","template":"","meta":{"jetpack_post_was_ever_published":false,"footnotes":""},"class_list":["post-188","page","type-page","status-publish","hentry"],"yoast_head":"<!-- This site is optimized with the Yoast SEO plugin v25.6 - https:\/\/yoast.com\/wordpress\/plugins\/seo\/ -->\n<title>Education - Galway Civic Trust - D\u00fachas Na Gaillimhe<\/title>\n<meta name=\"robots\" content=\"index, follow, max-snippet:-1, max-image-preview:large, max-video-preview:-1\" \/>\n<link rel=\"canonical\" href=\"https:\/\/galwaycivictrust.ie\/index.php\/education\/\" \/>\n<meta property=\"og:locale\" content=\"en_GB\" \/>\n<meta property=\"og:type\" content=\"article\" \/>\n<meta property=\"og:title\" content=\"Education - Galway Civic Trust - D\u00fachas Na Gaillimhe\" \/>\n<meta property=\"og:description\" content=\"Primary &nbsp; Education Packs for Schools In 2003 Galway Civic Trust was granted \u20ac2,500 by the Heritage Council towards the cost of producing an education pack for schools. Entitled Galway &#8211; It&#8217;s My City \/ Gaillimh &#8211; &#8216;S\u00e9 Mo Chathair, the pack was written and published by Galway Civic Trust [&hellip;]\" \/>\n<meta property=\"og:url\" content=\"https:\/\/galwaycivictrust.ie\/index.php\/education\/\" \/>\n<meta property=\"og:site_name\" content=\"Galway Civic Trust - D\u00fachas Na Gaillimhe\" \/>\n<meta property=\"article:modified_time\" content=\"2024-02-19T01:55:55+00:00\" \/>\n<meta property=\"og:image\" content=\"https:\/\/galwaycivictrust.ie\/wp-content\/uploads\/2021\/12\/Galway-civic-trust-education-pack.jpg\" \/>\n<meta name=\"twitter:card\" content=\"summary_large_image\" \/>\n<meta name=\"twitter:label1\" content=\"Estimated reading time\" \/>\n\t<meta name=\"twitter:data1\" content=\"4 minutes\" \/>\n<script type=\"application\/ld+json\" class=\"yoast-schema-graph\">{\"@context\":\"https:\/\/schema.org\",\"@graph\":[{\"@type\":\"WebPage\",\"@id\":\"https:\/\/galwaycivictrust.ie\/index.php\/education\/\",\"url\":\"https:\/\/galwaycivictrust.ie\/index.php\/education\/\",\"name\":\"Education - Galway Civic Trust - D\u00fachas Na Gaillimhe\",\"isPartOf\":{\"@id\":\"https:\/\/galwaycivictrust.ie\/#website\"},\"primaryImageOfPage\":{\"@id\":\"https:\/\/galwaycivictrust.ie\/index.php\/education\/#primaryimage\"},\"image\":{\"@id\":\"https:\/\/galwaycivictrust.ie\/index.php\/education\/#primaryimage\"},\"thumbnailUrl\":\"https:\/\/galwaycivictrust.ie\/wp-content\/uploads\/2021\/12\/Galway-civic-trust-education-pack.jpg\",\"datePublished\":\"2021-12-10T10:39:47+00:00\",\"dateModified\":\"2024-02-19T01:55:55+00:00\",\"breadcrumb\":{\"@id\":\"https:\/\/galwaycivictrust.ie\/index.php\/education\/#breadcrumb\"},\"inLanguage\":\"en-GB\",\"potentialAction\":[{\"@type\":\"ReadAction\",\"target\":[\"https:\/\/galwaycivictrust.ie\/index.php\/education\/\"]}]},{\"@type\":\"ImageObject\",\"inLanguage\":\"en-GB\",\"@id\":\"https:\/\/galwaycivictrust.ie\/index.php\/education\/#primaryimage\",\"url\":\"https:\/\/i0.wp.com\/galwaycivictrust.ie\/wp-content\/uploads\/2021\/12\/Galway-civic-trust-education-pack.jpg?fit=120%2C170&ssl=1\",\"contentUrl\":\"https:\/\/i0.wp.com\/galwaycivictrust.ie\/wp-content\/uploads\/2021\/12\/Galway-civic-trust-education-pack.jpg?fit=120%2C170&ssl=1\",\"width\":120,\"height\":170},{\"@type\":\"BreadcrumbList\",\"@id\":\"https:\/\/galwaycivictrust.ie\/index.php\/education\/#breadcrumb\",\"itemListElement\":[{\"@type\":\"ListItem\",\"position\":1,\"name\":\"Home\",\"item\":\"https:\/\/galwaycivictrust.ie\/\"},{\"@type\":\"ListItem\",\"position\":2,\"name\":\"Education\"}]},{\"@type\":\"WebSite\",\"@id\":\"https:\/\/galwaycivictrust.ie\/#website\",\"url\":\"https:\/\/galwaycivictrust.ie\/\",\"name\":\"Galway Civic Trust - D\u00fachas Na Gaillimhe\",\"description\":\"Galway Civic Trust - D\u00fachas Na Gaillimhe\",\"publisher\":{\"@id\":\"https:\/\/galwaycivictrust.ie\/#organization\"},\"potentialAction\":[{\"@type\":\"SearchAction\",\"target\":{\"@type\":\"EntryPoint\",\"urlTemplate\":\"https:\/\/galwaycivictrust.ie\/?s={search_term_string}\"},\"query-input\":{\"@type\":\"PropertyValueSpecification\",\"valueRequired\":true,\"valueName\":\"search_term_string\"}}],\"inLanguage\":\"en-GB\"},{\"@type\":\"Organization\",\"@id\":\"https:\/\/galwaycivictrust.ie\/#organization\",\"name\":\"Galway Civic Trust - D\u00fachas Na Gaillimhe\",\"url\":\"https:\/\/galwaycivictrust.ie\/\",\"logo\":{\"@type\":\"ImageObject\",\"inLanguage\":\"en-GB\",\"@id\":\"https:\/\/galwaycivictrust.ie\/#\/schema\/logo\/image\/\",\"url\":\"https:\/\/i0.wp.com\/galwaycivictrust.ie\/wp-content\/uploads\/2021\/11\/index-1.jpg?fit=225%2C225&ssl=1\",\"contentUrl\":\"https:\/\/i0.wp.com\/galwaycivictrust.ie\/wp-content\/uploads\/2021\/11\/index-1.jpg?fit=225%2C225&ssl=1\",\"width\":225,\"height\":225,\"caption\":\"Galway Civic Trust    -    D\u00fachas Na Gaillimhe\"},\"image\":{\"@id\":\"https:\/\/galwaycivictrust.ie\/#\/schema\/logo\/image\/\"}}]}<\/script>\n<!-- \/ Yoast SEO plugin. -->","yoast_head_json":{"title":"Education - Galway Civic Trust - D\u00fachas Na Gaillimhe","robots":{"index":"index","follow":"follow","max-snippet":"max-snippet:-1","max-image-preview":"max-image-preview:large","max-video-preview":"max-video-preview:-1"},"canonical":"https:\/\/galwaycivictrust.ie\/index.php\/education\/","og_locale":"en_GB","og_type":"article","og_title":"Education - Galway Civic Trust - D\u00fachas Na Gaillimhe","og_description":"Primary &nbsp; Education Packs for Schools In 2003 Galway Civic Trust was granted \u20ac2,500 by the Heritage Council towards the cost of producing an education pack for schools. Entitled Galway &#8211; It&#8217;s My City \/ Gaillimh &#8211; &#8216;S\u00e9 Mo Chathair, the pack was written and published by Galway Civic Trust [&hellip;]","og_url":"https:\/\/galwaycivictrust.ie\/index.php\/education\/","og_site_name":"Galway Civic Trust - D\u00fachas Na Gaillimhe","article_modified_time":"2024-02-19T01:55:55+00:00","og_image":[{"url":"https:\/\/galwaycivictrust.ie\/wp-content\/uploads\/2021\/12\/Galway-civic-trust-education-pack.jpg","type":"","width":"","height":""}],"twitter_card":"summary_large_image","twitter_misc":{"Estimated reading time":"4 minutes"},"schema":{"@context":"https:\/\/schema.org","@graph":[{"@type":"WebPage","@id":"https:\/\/galwaycivictrust.ie\/index.php\/education\/","url":"https:\/\/galwaycivictrust.ie\/index.php\/education\/","name":"Education - Galway Civic Trust - D\u00fachas Na Gaillimhe","isPartOf":{"@id":"https:\/\/galwaycivictrust.ie\/#website"},"primaryImageOfPage":{"@id":"https:\/\/galwaycivictrust.ie\/index.php\/education\/#primaryimage"},"image":{"@id":"https:\/\/galwaycivictrust.ie\/index.php\/education\/#primaryimage"},"thumbnailUrl":"https:\/\/galwaycivictrust.ie\/wp-content\/uploads\/2021\/12\/Galway-civic-trust-education-pack.jpg","datePublished":"2021-12-10T10:39:47+00:00","dateModified":"2024-02-19T01:55:55+00:00","breadcrumb":{"@id":"https:\/\/galwaycivictrust.ie\/index.php\/education\/#breadcrumb"},"inLanguage":"en-GB","potentialAction":[{"@type":"ReadAction","target":["https:\/\/galwaycivictrust.ie\/index.php\/education\/"]}]},{"@type":"ImageObject","inLanguage":"en-GB","@id":"https:\/\/galwaycivictrust.ie\/index.php\/education\/#primaryimage","url":"https:\/\/i0.wp.com\/galwaycivictrust.ie\/wp-content\/uploads\/2021\/12\/Galway-civic-trust-education-pack.jpg?fit=120%2C170&ssl=1","contentUrl":"https:\/\/i0.wp.com\/galwaycivictrust.ie\/wp-content\/uploads\/2021\/12\/Galway-civic-trust-education-pack.jpg?fit=120%2C170&ssl=1","width":120,"height":170},{"@type":"BreadcrumbList","@id":"https:\/\/galwaycivictrust.ie\/index.php\/education\/#breadcrumb","itemListElement":[{"@type":"ListItem","position":1,"name":"Home","item":"https:\/\/galwaycivictrust.ie\/"},{"@type":"ListItem","position":2,"name":"Education"}]},{"@type":"WebSite","@id":"https:\/\/galwaycivictrust.ie\/#website","url":"https:\/\/galwaycivictrust.ie\/","name":"Galway Civic Trust - D\u00fachas Na Gaillimhe","description":"Galway Civic Trust - D\u00fachas Na Gaillimhe","publisher":{"@id":"https:\/\/galwaycivictrust.ie\/#organization"},"potentialAction":[{"@type":"SearchAction","target":{"@type":"EntryPoint","urlTemplate":"https:\/\/galwaycivictrust.ie\/?s={search_term_string}"},"query-input":{"@type":"PropertyValueSpecification","valueRequired":true,"valueName":"search_term_string"}}],"inLanguage":"en-GB"},{"@type":"Organization","@id":"https:\/\/galwaycivictrust.ie\/#organization","name":"Galway Civic Trust - D\u00fachas Na Gaillimhe","url":"https:\/\/galwaycivictrust.ie\/","logo":{"@type":"ImageObject","inLanguage":"en-GB","@id":"https:\/\/galwaycivictrust.ie\/#\/schema\/logo\/image\/","url":"https:\/\/i0.wp.com\/galwaycivictrust.ie\/wp-content\/uploads\/2021\/11\/index-1.jpg?fit=225%2C225&ssl=1","contentUrl":"https:\/\/i0.wp.com\/galwaycivictrust.ie\/wp-content\/uploads\/2021\/11\/index-1.jpg?fit=225%2C225&ssl=1","width":225,"height":225,"caption":"Galway Civic Trust    -    D\u00fachas Na Gaillimhe"},"image":{"@id":"https:\/\/galwaycivictrust.ie\/#\/schema\/logo\/image\/"}}]}},"jetpack_likes_enabled":true,"jetpack_sharing_enabled":true,"jetpack-related-posts":[],"jetpack_shortlink":"https:\/\/wp.me\/Pdwf9E-32","_links":{"self":[{"href":"https:\/\/galwaycivictrust.ie\/index.php\/wp-json\/wp\/v2\/pages\/188","targetHints":{"allow":["GET"]}}],"collection":[{"href":"https:\/\/galwaycivictrust.ie\/index.php\/wp-json\/wp\/v2\/pages"}],"about":[{"href":"https:\/\/galwaycivictrust.ie\/index.php\/wp-json\/wp\/v2\/types\/page"}],"author":[{"embeddable":true,"href":"https:\/\/galwaycivictrust.ie\/index.php\/wp-json\/wp\/v2\/users\/1"}],"replies":[{"embeddable":true,"href":"https:\/\/galwaycivictrust.ie\/index.php\/wp-json\/wp\/v2\/comments?post=188"}],"version-history":[{"count":8,"href":"https:\/\/galwaycivictrust.ie\/index.php\/wp-json\/wp\/v2\/pages\/188\/revisions"}],"predecessor-version":[{"id":203,"href":"https:\/\/galwaycivictrust.ie\/index.php\/wp-json\/wp\/v2\/pages\/188\/revisions\/203"}],"wp:attachment":[{"href":"https:\/\/galwaycivictrust.ie\/index.php\/wp-json\/wp\/v2\/media?parent=188"}],"curies":[{"name":"wp","href":"https:\/\/api.w.org\/{rel}","templated":true}]}}