{"id":13,"date":"2021-11-11T09:28:07","date_gmt":"2021-11-11T09:28:07","guid":{"rendered":"https:\/\/galwaycivictrust.ie\/?page_id=13"},"modified":"2024-02-19T01:57:09","modified_gmt":"2024-02-19T01:57:09","slug":"about","status":"publish","type":"page","link":"https:\/\/galwaycivictrust.ie\/index.php\/about\/","title":{"rendered":"About"},"content":{"rendered":"<p>&nbsp;<\/p>\n<p><img data-recalc-dims=\"1\" loading=\"lazy\" decoding=\"async\" data-attachment-id=\"131\" data-permalink=\"https:\/\/galwaycivictrust.ie\/index.php\/about\/church-cut-away_half-col\/\" data-orig-file=\"https:\/\/i0.wp.com\/galwaycivictrust.ie\/wp-content\/uploads\/2021\/12\/church-cut-away_half-col.jpg?fit=326%2C330&amp;ssl=1\" data-orig-size=\"326,330\" data-comments-opened=\"0\" data-image-meta=\"{&quot;aperture&quot;:&quot;0&quot;,&quot;credit&quot;:&quot;&quot;,&quot;camera&quot;:&quot;&quot;,&quot;caption&quot;:&quot;&quot;,&quot;created_timestamp&quot;:&quot;0&quot;,&quot;copyright&quot;:&quot;&quot;,&quot;focal_length&quot;:&quot;0&quot;,&quot;iso&quot;:&quot;0&quot;,&quot;shutter_speed&quot;:&quot;0&quot;,&quot;title&quot;:&quot;&quot;,&quot;orientation&quot;:&quot;0&quot;}\" data-image-title=\"church-cut-away_half-col\" data-image-description=\"\" data-image-caption=\"\" data-medium-file=\"https:\/\/i0.wp.com\/galwaycivictrust.ie\/wp-content\/uploads\/2021\/12\/church-cut-away_half-col.jpg?fit=296%2C300&amp;ssl=1\" data-large-file=\"https:\/\/i0.wp.com\/galwaycivictrust.ie\/wp-content\/uploads\/2021\/12\/church-cut-away_half-col.jpg?fit=326%2C330&amp;ssl=1\" class=\"size-full wp-image-131 alignright\" src=\"https:\/\/i0.wp.com\/galwaycivictrust.ie\/wp-content\/uploads\/2021\/12\/church-cut-away_half-col.jpg?resize=326%2C330&#038;ssl=1\" alt=\"\" width=\"326\" height=\"330\" srcset=\"https:\/\/i0.wp.com\/galwaycivictrust.ie\/wp-content\/uploads\/2021\/12\/church-cut-away_half-col.jpg?w=326&amp;ssl=1 326w, https:\/\/i0.wp.com\/galwaycivictrust.ie\/wp-content\/uploads\/2021\/12\/church-cut-away_half-col.jpg?resize=296%2C300&amp;ssl=1 296w, https:\/\/i0.wp.com\/galwaycivictrust.ie\/wp-content\/uploads\/2021\/12\/church-cut-away_half-col.jpg?resize=100%2C101&amp;ssl=1 100w, https:\/\/i0.wp.com\/galwaycivictrust.ie\/wp-content\/uploads\/2021\/12\/church-cut-away_half-col.jpg?resize=150%2C152&amp;ssl=1 150w, https:\/\/i0.wp.com\/galwaycivictrust.ie\/wp-content\/uploads\/2021\/12\/church-cut-away_half-col.jpg?resize=200%2C202&amp;ssl=1 200w, https:\/\/i0.wp.com\/galwaycivictrust.ie\/wp-content\/uploads\/2021\/12\/church-cut-away_half-col.jpg?resize=300%2C304&amp;ssl=1 300w\" sizes=\"auto, (max-width: 326px) 100vw, 326px\" \/><\/p>\n<p>D\u00fachas na Gaillimhe &#8211; Galway Civic Trust is a heritage charity committed to protecting and enhancing Galway&#8217;s natural, built and cultural heritage for the benefit of all. The Trust adopts a hands-on approach which includes supporting a number of other non-profit and charity organisations and undertaking improvement, conservation and education projects in support of its mission.<\/p>\n<p>Established in 1992, we have completed over 50 projects, ranging from the erection of historic wall plaques to the refurbishment of Rusheen Bay Bird Sanctuary and restoration of the Fishery Watch Tower at Wolfe Tone Bridge.<\/p>\n<p>In partnership with the Department of Social Protection, Galway City Council and Galway County Council, Galway Chamber of Commerce &amp; Industry, The Heritage Council of Ireland, and the local community, we undertake works for the enhancement of Galway city and county<\/p>\n<p><strong><a title=\"Galway Civic Trust logo\" href=\"https:\/\/galwaycivictrust.ie\/wp-content\/uploads\/2021\/12\/Duchas-Logo-2016.jpg\" rel=\"alternate\">Click here to download our logo<\/a><\/strong><\/p>\n<h2 style=\"text-align: center;\"><\/h2>\n<p>&nbsp;<\/p>\n<p style=\"text-align: left;\"><strong><img data-recalc-dims=\"1\" loading=\"lazy\" decoding=\"async\" data-attachment-id=\"619\" data-permalink=\"https:\/\/galwaycivictrust.ie\/index.php\/membership\/2023-05-10_13-07\/\" data-orig-file=\"https:\/\/i0.wp.com\/galwaycivictrust.ie\/wp-content\/uploads\/2023\/05\/2023-05-10_13-07.png?fit=328%2C698&amp;ssl=1\" data-orig-size=\"328,698\" data-comments-opened=\"1\" data-image-meta=\"{&quot;aperture&quot;:&quot;0&quot;,&quot;credit&quot;:&quot;&quot;,&quot;camera&quot;:&quot;&quot;,&quot;caption&quot;:&quot;&quot;,&quot;created_timestamp&quot;:&quot;0&quot;,&quot;copyright&quot;:&quot;&quot;,&quot;focal_length&quot;:&quot;0&quot;,&quot;iso&quot;:&quot;0&quot;,&quot;shutter_speed&quot;:&quot;0&quot;,&quot;title&quot;:&quot;&quot;,&quot;orientation&quot;:&quot;0&quot;}\" data-image-title=\"2023-05-10_13-07\" data-image-description=\"\" data-image-caption=\"\" data-medium-file=\"https:\/\/i0.wp.com\/galwaycivictrust.ie\/wp-content\/uploads\/2023\/05\/2023-05-10_13-07.png?fit=141%2C300&amp;ssl=1\" data-large-file=\"https:\/\/i0.wp.com\/galwaycivictrust.ie\/wp-content\/uploads\/2023\/05\/2023-05-10_13-07.png?fit=328%2C698&amp;ssl=1\" src=\"https:\/\/i0.wp.com\/galwaycivictrust.ie\/wp-content\/uploads\/2023\/05\/2023-05-10_13-07.png?resize=328%2C698&#038;ssl=1\" alt=\"\" width=\"328\" height=\"698\" class=\"size-full wp-image-619 alignright\" srcset=\"https:\/\/i0.wp.com\/galwaycivictrust.ie\/wp-content\/uploads\/2023\/05\/2023-05-10_13-07.png?w=328&amp;ssl=1 328w, https:\/\/i0.wp.com\/galwaycivictrust.ie\/wp-content\/uploads\/2023\/05\/2023-05-10_13-07.png?resize=141%2C300&amp;ssl=1 141w\" sizes=\"auto, (max-width: 328px) 100vw, 328px\" \/><\/strong><\/p>\n<h2 style=\"text-align: center;\"><span style=\"color: #0000ff;\">Who we are&#8230;<\/span><\/h2>\n<h2 style=\"text-align: center;\"><span style=\"color: #0000ff;\">C\u00e9 muid f\u00e9in?<\/span><\/h2>\n<p>&nbsp;<\/p>\n<p>&nbsp;<\/p>\n<p style=\"text-align: left;\"><strong>D\u00fachas na Gaillimhe &#8211; Galway Civic Trust<\/strong> is a hands-on heritage organisation with a mission to take practical steps to protect and enhance Galway&#8217;s natural, built and cultural heritage for the benefit of all.<\/p>\n<p>&nbsp;<\/p>\n<p style=\"text-align: left;\"><em>T\u00e1 D\u00fachas na Gaillimhe tiomanta d\u00e1r dteanga <\/em><em>dh\u00fachais\u00a0 a chosaint agus a chur chun cinn. <\/em><em>T\u00e1 s\u00e9 seo pr\u00e9amhaithe\u00a0 in\u00e1r mana a thagann <\/em><em>\u00f3n seanfhocal &#8220;As d\u00fachas d\u00f3chas&#8221;.<\/em><\/p>\n<p>&nbsp;<\/p>\n<p style=\"text-align: left;\">By supporting us, you lend your voice to our voice, thereby together making a stronger case for culturally sensitive developments and protection of our heritage.<\/p>\n<p>&nbsp;<\/p>\n<p style=\"text-align: left;\">Also we actively aim to support heritage, conservation, community groups and organisations through active support.<\/p>\n<p>&nbsp;<\/p>\n<p>&nbsp;<\/p>\n<p style=\"text-align: center;\"><strong>N\u00ed neart go cur le ch\u00e9ile<\/strong><\/p>\n<p style=\"text-align: center;\"><em>There is no strength without unity<\/em><\/p>\n<p>&nbsp;<\/p>\n<p>&nbsp;<\/p>\n<p><img data-recalc-dims=\"1\" loading=\"lazy\" decoding=\"async\" data-attachment-id=\"615\" data-permalink=\"https:\/\/galwaycivictrust.ie\/index.php\/membership\/2023-05-10_13-08\/\" data-orig-file=\"https:\/\/i0.wp.com\/galwaycivictrust.ie\/wp-content\/uploads\/2023\/05\/2023-05-10_13-08.png?fit=328%2C197&amp;ssl=1\" data-orig-size=\"328,197\" data-comments-opened=\"1\" data-image-meta=\"{&quot;aperture&quot;:&quot;0&quot;,&quot;credit&quot;:&quot;&quot;,&quot;camera&quot;:&quot;&quot;,&quot;caption&quot;:&quot;&quot;,&quot;created_timestamp&quot;:&quot;0&quot;,&quot;copyright&quot;:&quot;&quot;,&quot;focal_length&quot;:&quot;0&quot;,&quot;iso&quot;:&quot;0&quot;,&quot;shutter_speed&quot;:&quot;0&quot;,&quot;title&quot;:&quot;&quot;,&quot;orientation&quot;:&quot;0&quot;}\" data-image-title=\"2023-05-10_13-08\" data-image-description=\"\" data-image-caption=\"\" data-medium-file=\"https:\/\/i0.wp.com\/galwaycivictrust.ie\/wp-content\/uploads\/2023\/05\/2023-05-10_13-08.png?fit=300%2C180&amp;ssl=1\" data-large-file=\"https:\/\/i0.wp.com\/galwaycivictrust.ie\/wp-content\/uploads\/2023\/05\/2023-05-10_13-08.png?fit=328%2C197&amp;ssl=1\" src=\"https:\/\/i0.wp.com\/galwaycivictrust.ie\/wp-content\/uploads\/2023\/05\/2023-05-10_13-08.png?resize=328%2C197&#038;ssl=1\" alt=\"\" width=\"328\" height=\"197\" class=\"aligncenter size-full wp-image-615\" srcset=\"https:\/\/i0.wp.com\/galwaycivictrust.ie\/wp-content\/uploads\/2023\/05\/2023-05-10_13-08.png?w=328&amp;ssl=1 328w, https:\/\/i0.wp.com\/galwaycivictrust.ie\/wp-content\/uploads\/2023\/05\/2023-05-10_13-08.png?resize=300%2C180&amp;ssl=1 300w\" sizes=\"auto, (max-width: 328px) 100vw, 328px\" \/><\/p>\n<h3 style=\"text-align: center;\"><span style=\"color: #000080;\">What the Trust does&#8230; C\u00e9ard a dh\u00e9anann muid?<\/span><\/h3>\n<p style=\"text-align: center;\">* Committed to protecting and enhancing Galway\u2019s natural, built and cultural heritage.<\/p>\n<p style=\"text-align: center;\">* Presentation and maintenance of local heritage sites e.g. Fishery Watchtower, Hall of the Red Earl, Circle of Life Garden.<\/p>\n<p style=\"text-align: center;\">* Guided walks, talks and publications.<\/p>\n<p style=\"text-align: center;\">* Promote heritage within local primary and secondary schools and third level institutions.<\/p>\n<p style=\"text-align: center;\">* Full program of local events as part of National Heritage Week.<\/p>\n<p style=\"text-align: center;\">* Help contribute to making Galway more attractive to invest, work and live in.<\/p>\n<p style=\"text-align: center;\">* Help promote Galway as a bi-lingual city.<\/p>\n<p style=\"text-align: center;\">* Support the work of other Heritage organisations.<\/p>\n<p style=\"text-align: center;\">* Committed to the practical preservation of traditional crafts and skills.<\/p>\n<p style=\"text-align: center;\">You can find out more about the work of the Trust on our website <a href=\"https:\/\/galwaycivictrust.ie\/\">www.galwaycivictrust.ie<\/a><\/p>\n<p>&nbsp;<\/p>\n<p><img data-recalc-dims=\"1\" loading=\"lazy\" decoding=\"async\" data-attachment-id=\"623\" data-permalink=\"https:\/\/galwaycivictrust.ie\/index.php\/membership\/2023-05-10_13-09\/\" data-orig-file=\"https:\/\/i0.wp.com\/galwaycivictrust.ie\/wp-content\/uploads\/2023\/05\/2023-05-10_13-09.png?fit=330%2C178&amp;ssl=1\" data-orig-size=\"330,178\" data-comments-opened=\"1\" data-image-meta=\"{&quot;aperture&quot;:&quot;0&quot;,&quot;credit&quot;:&quot;&quot;,&quot;camera&quot;:&quot;&quot;,&quot;caption&quot;:&quot;&quot;,&quot;created_timestamp&quot;:&quot;0&quot;,&quot;copyright&quot;:&quot;&quot;,&quot;focal_length&quot;:&quot;0&quot;,&quot;iso&quot;:&quot;0&quot;,&quot;shutter_speed&quot;:&quot;0&quot;,&quot;title&quot;:&quot;&quot;,&quot;orientation&quot;:&quot;0&quot;}\" data-image-title=\"2023-05-10_13-09\" data-image-description=\"\" data-image-caption=\"\" data-medium-file=\"https:\/\/i0.wp.com\/galwaycivictrust.ie\/wp-content\/uploads\/2023\/05\/2023-05-10_13-09.png?fit=300%2C162&amp;ssl=1\" data-large-file=\"https:\/\/i0.wp.com\/galwaycivictrust.ie\/wp-content\/uploads\/2023\/05\/2023-05-10_13-09.png?fit=330%2C178&amp;ssl=1\" src=\"https:\/\/i0.wp.com\/galwaycivictrust.ie\/wp-content\/uploads\/2023\/05\/2023-05-10_13-09.png?resize=330%2C178&#038;ssl=1\" alt=\"\" width=\"330\" height=\"178\" class=\"aligncenter size-full wp-image-623\" srcset=\"https:\/\/i0.wp.com\/galwaycivictrust.ie\/wp-content\/uploads\/2023\/05\/2023-05-10_13-09.png?w=330&amp;ssl=1 330w, https:\/\/i0.wp.com\/galwaycivictrust.ie\/wp-content\/uploads\/2023\/05\/2023-05-10_13-09.png?resize=300%2C162&amp;ssl=1 300w\" sizes=\"auto, (max-width: 330px) 100vw, 330px\" \/><\/p>\n<p>&nbsp;<\/p>\n<h3><span style=\"color: #000080;\">Membership of the Trust acknowledges that you are contributing to making Galway a more attractive place to live in and to visit.<\/span><\/h3>\n<h3><span style=\"color: #000080;\">Other benefits include &#8230; <\/span><\/h3>\n<p style=\"text-align: center;\">* AGM voting rights.<\/p>\n<p style=\"text-align: center;\">* Free entrance to selected fee-paying OPW Heritage Sites.<\/p>\n<p style=\"text-align: center;\">* Priority booking for Heritage Week and other events.<\/p>\n<p style=\"text-align: center;\">* A copy of the Trust&#8217;s forthcoming publications.<\/p>\n<p style=\"text-align: center;\">* Newsletters and advance notice of events.<\/p>\n<p style=\"text-align: center;\">* A voice for your concerns about Galway\u2019s heritage.<\/p>\n<p style=\"text-align: center;\">* Selected discounts (these are subject to change, see our website for up-to-date discounts).<\/p>\n<p>&nbsp;<\/p>\n<p><img data-recalc-dims=\"1\" loading=\"lazy\" decoding=\"async\" data-attachment-id=\"624\" data-permalink=\"https:\/\/galwaycivictrust.ie\/index.php\/membership\/2023-05-10_13-09_1\/\" data-orig-file=\"https:\/\/i0.wp.com\/galwaycivictrust.ie\/wp-content\/uploads\/2023\/05\/2023-05-10_13-09_1.png?fit=327%2C173&amp;ssl=1\" data-orig-size=\"327,173\" data-comments-opened=\"1\" data-image-meta=\"{&quot;aperture&quot;:&quot;0&quot;,&quot;credit&quot;:&quot;&quot;,&quot;camera&quot;:&quot;&quot;,&quot;caption&quot;:&quot;&quot;,&quot;created_timestamp&quot;:&quot;0&quot;,&quot;copyright&quot;:&quot;&quot;,&quot;focal_length&quot;:&quot;0&quot;,&quot;iso&quot;:&quot;0&quot;,&quot;shutter_speed&quot;:&quot;0&quot;,&quot;title&quot;:&quot;&quot;,&quot;orientation&quot;:&quot;0&quot;}\" data-image-title=\"2023-05-10_13-09_1\" data-image-description=\"\" data-image-caption=\"\" data-medium-file=\"https:\/\/i0.wp.com\/galwaycivictrust.ie\/wp-content\/uploads\/2023\/05\/2023-05-10_13-09_1.png?fit=300%2C159&amp;ssl=1\" data-large-file=\"https:\/\/i0.wp.com\/galwaycivictrust.ie\/wp-content\/uploads\/2023\/05\/2023-05-10_13-09_1.png?fit=327%2C173&amp;ssl=1\" src=\"https:\/\/i0.wp.com\/galwaycivictrust.ie\/wp-content\/uploads\/2023\/05\/2023-05-10_13-09_1.png?resize=327%2C173&#038;ssl=1\" alt=\"\" width=\"327\" height=\"173\" class=\"aligncenter size-full wp-image-624\" srcset=\"https:\/\/i0.wp.com\/galwaycivictrust.ie\/wp-content\/uploads\/2023\/05\/2023-05-10_13-09_1.png?w=327&amp;ssl=1 327w, https:\/\/i0.wp.com\/galwaycivictrust.ie\/wp-content\/uploads\/2023\/05\/2023-05-10_13-09_1.png?resize=300%2C159&amp;ssl=1 300w\" sizes=\"auto, (max-width: 327px) 100vw, 327px\" \/><\/p>\n<h3 style=\"text-align: center;\"><span style=\"color: #000080;\">Become a member<\/span><br \/>\n<span style=\"color: #000080;\">Glac ballraiocht<\/span><\/h3>\n<p>&nbsp;<\/p>\n<p style=\"text-align: center;\"><script src=\"https:\/\/donorbox.org\/widget.js\" paypalExpress=\"true\"><\/script><iframe loading=\"lazy\" width=\"100%\" height=\"900px\" style=\"max-width: 500px; min-width: 310px; max-height: none!important;\" src=\"https:\/\/donorbox.org\/embed\/galway-civic-trust-duchas-na-gaillimhe-membership-1?default_interval=a\" name=\"donorbox\" allowpaymentrequest=\"allowpaymentrequest\" seamless=\"seamless\" frameborder=\"0\" scrolling=\"no\"><\/iframe><\/p>\n<p>&nbsp;<\/p>\n<p>&nbsp;<\/p>\n","protected":false},"excerpt":{"rendered":"<p>&nbsp; D\u00fachas na Gaillimhe &#8211; Galway Civic Trust is a heritage charity committed to protecting and enhancing Galway&#8217;s natural, built and cultural heritage for the benefit of all. The Trust adopts a hands-on approach which includes supporting a number of other non-profit and charity organisations and undertaking improvement, conservation and [&hellip;]<\/p>\n","protected":false},"author":1,"featured_media":655,"parent":0,"menu_order":0,"comment_status":"closed","ping_status":"closed","template":"","meta":{"jetpack_post_was_ever_published":false,"footnotes":""},"class_list":["post-13","page","type-page","status-publish","has-post-thumbnail","hentry"],"yoast_head":"<!-- This site is optimized with the Yoast SEO plugin v25.6 - https:\/\/yoast.com\/wordpress\/plugins\/seo\/ -->\n<title>About - Galway Civic Trust - D\u00fachas Na Gaillimhe<\/title>\n<meta name=\"robots\" content=\"index, follow, max-snippet:-1, max-image-preview:large, max-video-preview:-1\" \/>\n<link rel=\"canonical\" href=\"https:\/\/galwaycivictrust.ie\/index.php\/about\/\" \/>\n<meta property=\"og:locale\" content=\"en_GB\" \/>\n<meta property=\"og:type\" content=\"article\" \/>\n<meta property=\"og:title\" content=\"About - Galway Civic Trust - D\u00fachas Na Gaillimhe\" \/>\n<meta property=\"og:description\" content=\"&nbsp; D\u00fachas na Gaillimhe &#8211; Galway Civic Trust is a heritage charity committed to protecting and enhancing Galway&#8217;s natural, built and cultural heritage for the benefit of all. The Trust adopts a hands-on approach which includes supporting a number of other non-profit and charity organisations and undertaking improvement, conservation and [&hellip;]\" \/>\n<meta property=\"og:url\" content=\"https:\/\/galwaycivictrust.ie\/index.php\/about\/\" \/>\n<meta property=\"og:site_name\" content=\"Galway Civic Trust - D\u00fachas Na Gaillimhe\" \/>\n<meta property=\"article:modified_time\" content=\"2024-02-19T01:57:09+00:00\" \/>\n<meta property=\"og:image\" content=\"https:\/\/galwaycivictrust.ie\/wp-content\/uploads\/2023\/06\/Galway-medieval-Experience.jpg\" \/>\n\t<meta property=\"og:image:width\" content=\"1024\" \/>\n\t<meta property=\"og:image:height\" content=\"1024\" \/>\n\t<meta property=\"og:image:type\" content=\"image\/jpeg\" \/>\n<meta name=\"twitter:card\" content=\"summary_large_image\" \/>\n<meta name=\"twitter:label1\" content=\"Estimated reading time\" \/>\n\t<meta name=\"twitter:data1\" content=\"4 minutes\" \/>\n<script type=\"application\/ld+json\" class=\"yoast-schema-graph\">{\"@context\":\"https:\/\/schema.org\",\"@graph\":[{\"@type\":\"WebPage\",\"@id\":\"https:\/\/galwaycivictrust.ie\/index.php\/about\/\",\"url\":\"https:\/\/galwaycivictrust.ie\/index.php\/about\/\",\"name\":\"About - Galway Civic Trust - D\u00fachas Na Gaillimhe\",\"isPartOf\":{\"@id\":\"https:\/\/galwaycivictrust.ie\/#website\"},\"primaryImageOfPage\":{\"@id\":\"https:\/\/galwaycivictrust.ie\/index.php\/about\/#primaryimage\"},\"image\":{\"@id\":\"https:\/\/galwaycivictrust.ie\/index.php\/about\/#primaryimage\"},\"thumbnailUrl\":\"https:\/\/i0.wp.com\/galwaycivictrust.ie\/wp-content\/uploads\/2023\/06\/Galway-medieval-Experience.jpg?fit=1024%2C1024&ssl=1\",\"datePublished\":\"2021-11-11T09:28:07+00:00\",\"dateModified\":\"2024-02-19T01:57:09+00:00\",\"breadcrumb\":{\"@id\":\"https:\/\/galwaycivictrust.ie\/index.php\/about\/#breadcrumb\"},\"inLanguage\":\"en-GB\",\"potentialAction\":[{\"@type\":\"ReadAction\",\"target\":[\"https:\/\/galwaycivictrust.ie\/index.php\/about\/\"]}]},{\"@type\":\"ImageObject\",\"inLanguage\":\"en-GB\",\"@id\":\"https:\/\/galwaycivictrust.ie\/index.php\/about\/#primaryimage\",\"url\":\"https:\/\/i0.wp.com\/galwaycivictrust.ie\/wp-content\/uploads\/2023\/06\/Galway-medieval-Experience.jpg?fit=1024%2C1024&ssl=1\",\"contentUrl\":\"https:\/\/i0.wp.com\/galwaycivictrust.ie\/wp-content\/uploads\/2023\/06\/Galway-medieval-Experience.jpg?fit=1024%2C1024&ssl=1\",\"width\":1024,\"height\":1024},{\"@type\":\"BreadcrumbList\",\"@id\":\"https:\/\/galwaycivictrust.ie\/index.php\/about\/#breadcrumb\",\"itemListElement\":[{\"@type\":\"ListItem\",\"position\":1,\"name\":\"Home\",\"item\":\"https:\/\/galwaycivictrust.ie\/\"},{\"@type\":\"ListItem\",\"position\":2,\"name\":\"About\"}]},{\"@type\":\"WebSite\",\"@id\":\"https:\/\/galwaycivictrust.ie\/#website\",\"url\":\"https:\/\/galwaycivictrust.ie\/\",\"name\":\"Galway Civic Trust - D\u00fachas Na Gaillimhe\",\"description\":\"Galway Civic Trust - D\u00fachas Na Gaillimhe\",\"publisher\":{\"@id\":\"https:\/\/galwaycivictrust.ie\/#organization\"},\"potentialAction\":[{\"@type\":\"SearchAction\",\"target\":{\"@type\":\"EntryPoint\",\"urlTemplate\":\"https:\/\/galwaycivictrust.ie\/?s={search_term_string}\"},\"query-input\":{\"@type\":\"PropertyValueSpecification\",\"valueRequired\":true,\"valueName\":\"search_term_string\"}}],\"inLanguage\":\"en-GB\"},{\"@type\":\"Organization\",\"@id\":\"https:\/\/galwaycivictrust.ie\/#organization\",\"name\":\"Galway Civic Trust - D\u00fachas Na Gaillimhe\",\"url\":\"https:\/\/galwaycivictrust.ie\/\",\"logo\":{\"@type\":\"ImageObject\",\"inLanguage\":\"en-GB\",\"@id\":\"https:\/\/galwaycivictrust.ie\/#\/schema\/logo\/image\/\",\"url\":\"https:\/\/i0.wp.com\/galwaycivictrust.ie\/wp-content\/uploads\/2021\/11\/index-1.jpg?fit=225%2C225&ssl=1\",\"contentUrl\":\"https:\/\/i0.wp.com\/galwaycivictrust.ie\/wp-content\/uploads\/2021\/11\/index-1.jpg?fit=225%2C225&ssl=1\",\"width\":225,\"height\":225,\"caption\":\"Galway Civic Trust    -    D\u00fachas Na Gaillimhe\"},\"image\":{\"@id\":\"https:\/\/galwaycivictrust.ie\/#\/schema\/logo\/image\/\"}}]}<\/script>\n<!-- \/ Yoast SEO plugin. -->","yoast_head_json":{"title":"About - Galway Civic Trust - D\u00fachas Na Gaillimhe","robots":{"index":"index","follow":"follow","max-snippet":"max-snippet:-1","max-image-preview":"max-image-preview:large","max-video-preview":"max-video-preview:-1"},"canonical":"https:\/\/galwaycivictrust.ie\/index.php\/about\/","og_locale":"en_GB","og_type":"article","og_title":"About - Galway Civic Trust - D\u00fachas Na Gaillimhe","og_description":"&nbsp; D\u00fachas na Gaillimhe &#8211; Galway Civic Trust is a heritage charity committed to protecting and enhancing Galway&#8217;s natural, built and cultural heritage for the benefit of all. The Trust adopts a hands-on approach which includes supporting a number of other non-profit and charity organisations and undertaking improvement, conservation and [&hellip;]","og_url":"https:\/\/galwaycivictrust.ie\/index.php\/about\/","og_site_name":"Galway Civic Trust - D\u00fachas Na Gaillimhe","article_modified_time":"2024-02-19T01:57:09+00:00","og_image":[{"width":1024,"height":1024,"url":"https:\/\/galwaycivictrust.ie\/wp-content\/uploads\/2023\/06\/Galway-medieval-Experience.jpg","type":"image\/jpeg"}],"twitter_card":"summary_large_image","twitter_misc":{"Estimated reading time":"4 minutes"},"schema":{"@context":"https:\/\/schema.org","@graph":[{"@type":"WebPage","@id":"https:\/\/galwaycivictrust.ie\/index.php\/about\/","url":"https:\/\/galwaycivictrust.ie\/index.php\/about\/","name":"About - Galway Civic Trust - D\u00fachas Na Gaillimhe","isPartOf":{"@id":"https:\/\/galwaycivictrust.ie\/#website"},"primaryImageOfPage":{"@id":"https:\/\/galwaycivictrust.ie\/index.php\/about\/#primaryimage"},"image":{"@id":"https:\/\/galwaycivictrust.ie\/index.php\/about\/#primaryimage"},"thumbnailUrl":"https:\/\/i0.wp.com\/galwaycivictrust.ie\/wp-content\/uploads\/2023\/06\/Galway-medieval-Experience.jpg?fit=1024%2C1024&ssl=1","datePublished":"2021-11-11T09:28:07+00:00","dateModified":"2024-02-19T01:57:09+00:00","breadcrumb":{"@id":"https:\/\/galwaycivictrust.ie\/index.php\/about\/#breadcrumb"},"inLanguage":"en-GB","potentialAction":[{"@type":"ReadAction","target":["https:\/\/galwaycivictrust.ie\/index.php\/about\/"]}]},{"@type":"ImageObject","inLanguage":"en-GB","@id":"https:\/\/galwaycivictrust.ie\/index.php\/about\/#primaryimage","url":"https:\/\/i0.wp.com\/galwaycivictrust.ie\/wp-content\/uploads\/2023\/06\/Galway-medieval-Experience.jpg?fit=1024%2C1024&ssl=1","contentUrl":"https:\/\/i0.wp.com\/galwaycivictrust.ie\/wp-content\/uploads\/2023\/06\/Galway-medieval-Experience.jpg?fit=1024%2C1024&ssl=1","width":1024,"height":1024},{"@type":"BreadcrumbList","@id":"https:\/\/galwaycivictrust.ie\/index.php\/about\/#breadcrumb","itemListElement":[{"@type":"ListItem","position":1,"name":"Home","item":"https:\/\/galwaycivictrust.ie\/"},{"@type":"ListItem","position":2,"name":"About"}]},{"@type":"WebSite","@id":"https:\/\/galwaycivictrust.ie\/#website","url":"https:\/\/galwaycivictrust.ie\/","name":"Galway Civic Trust - D\u00fachas Na Gaillimhe","description":"Galway Civic Trust - D\u00fachas Na Gaillimhe","publisher":{"@id":"https:\/\/galwaycivictrust.ie\/#organization"},"potentialAction":[{"@type":"SearchAction","target":{"@type":"EntryPoint","urlTemplate":"https:\/\/galwaycivictrust.ie\/?s={search_term_string}"},"query-input":{"@type":"PropertyValueSpecification","valueRequired":true,"valueName":"search_term_string"}}],"inLanguage":"en-GB"},{"@type":"Organization","@id":"https:\/\/galwaycivictrust.ie\/#organization","name":"Galway Civic Trust - D\u00fachas Na Gaillimhe","url":"https:\/\/galwaycivictrust.ie\/","logo":{"@type":"ImageObject","inLanguage":"en-GB","@id":"https:\/\/galwaycivictrust.ie\/#\/schema\/logo\/image\/","url":"https:\/\/i0.wp.com\/galwaycivictrust.ie\/wp-content\/uploads\/2021\/11\/index-1.jpg?fit=225%2C225&ssl=1","contentUrl":"https:\/\/i0.wp.com\/galwaycivictrust.ie\/wp-content\/uploads\/2021\/11\/index-1.jpg?fit=225%2C225&ssl=1","width":225,"height":225,"caption":"Galway Civic Trust    -    D\u00fachas Na Gaillimhe"},"image":{"@id":"https:\/\/galwaycivictrust.ie\/#\/schema\/logo\/image\/"}}]}},"jetpack_likes_enabled":true,"jetpack_sharing_enabled":true,"jetpack-related-posts":[],"jetpack_shortlink":"https:\/\/wp.me\/Pdwf9E-d","_links":{"self":[{"href":"https:\/\/galwaycivictrust.ie\/index.php\/wp-json\/wp\/v2\/pages\/13","targetHints":{"allow":["GET"]}}],"collection":[{"href":"https:\/\/galwaycivictrust.ie\/index.php\/wp-json\/wp\/v2\/pages"}],"about":[{"href":"https:\/\/galwaycivictrust.ie\/index.php\/wp-json\/wp\/v2\/types\/page"}],"author":[{"embeddable":true,"href":"https:\/\/galwaycivictrust.ie\/index.php\/wp-json\/wp\/v2\/users\/1"}],"replies":[{"embeddable":true,"href":"https:\/\/galwaycivictrust.ie\/index.php\/wp-json\/wp\/v2\/comments?post=13"}],"version-history":[{"count":6,"href":"https:\/\/galwaycivictrust.ie\/index.php\/wp-json\/wp\/v2\/pages\/13\/revisions"}],"predecessor-version":[{"id":946,"href":"https:\/\/galwaycivictrust.ie\/index.php\/wp-json\/wp\/v2\/pages\/13\/revisions\/946"}],"wp:featuredmedia":[{"embeddable":true,"href":"https:\/\/galwaycivictrust.ie\/index.php\/wp-json\/wp\/v2\/media\/655"}],"wp:attachment":[{"href":"https:\/\/galwaycivictrust.ie\/index.php\/wp-json\/wp\/v2\/media?parent=13"}],"curies":[{"name":"wp","href":"https:\/\/api.w.org\/{rel}","templated":true}]}}